{"id":13228,"date":"2024-07-17T10:28:24","date_gmt":"2024-07-17T08:28:24","guid":{"rendered":"https:\/\/starwax.eu\/?page_id=13228"},"modified":"2025-02-08T10:02:24","modified_gmt":"2025-02-08T09:02:24","slug":"aviso-legal","status":"publish","type":"page","link":"https:\/\/starwax.eu\/pt-pt\/aviso-legal\/","title":{"rendered":"Aviso legal"},"content":{"rendered":"\t\t<div data-elementor-type=\"wp-page\" data-elementor-id=\"13228\" class=\"elementor elementor-13228 elementor-645\" data-elementor-post-type=\"page\">\n\t\t\t\t<div class=\"elementor-element elementor-element-b96d668 e-flex e-con-boxed e-con e-parent\" data-id=\"b96d668\" data-element_type=\"container\" data-e-type=\"container\">\n\t\t\t\t\t<div class=\"e-con-inner\">\n\t\t\t\t<div class=\"elementor-element elementor-element-e9934c8 elementor-widget elementor-widget-breadcrumbs\" data-id=\"e9934c8\" data-element_type=\"widget\" data-e-type=\"widget\" data-widget_type=\"breadcrumbs.default\">\n\t\t\t\t<div class=\"elementor-widget-container\">\n\t\t\t\t\t<p id=\"breadcrumbs\"><span><span><a href=\"https:\/\/starwax.eu\/pt-pt\/\">In\u00edcio<\/a><\/span><\/span><\/p>\t\t\t\t<\/div>\n\t\t\t\t<\/div>\n\t\t\t\t\t<\/div>\n\t\t\t\t<\/div>\n\t\t<div class=\"elementor-element elementor-element-23cda85 e-flex e-con-boxed e-con e-parent\" data-id=\"23cda85\" data-element_type=\"container\" data-e-type=\"container\">\n\t\t\t\t\t<div class=\"e-con-inner\">\n\t\t<div class=\"elementor-element elementor-element-c9257a5 e-con-full e-flex e-con e-child\" data-id=\"c9257a5\" data-element_type=\"container\" data-e-type=\"container\" data-settings=\"{&quot;background_background&quot;:&quot;classic&quot;}\">\n\t\t\t\t<div class=\"elementor-element elementor-element-b537b4b elementor-widget elementor-widget-heading\" data-id=\"b537b4b\" data-element_type=\"widget\" data-e-type=\"widget\" data-widget_type=\"heading.default\">\n\t\t\t\t<div class=\"elementor-widget-container\">\n\t\t\t\t\t<h1 class=\"elementor-heading-title elementor-size-default\">Aviso legal<\/h1>\t\t\t\t<\/div>\n\t\t\t\t<\/div>\n\t\t\t\t<\/div>\n\t\t\t\t\t<\/div>\n\t\t\t\t<\/div>\n\t\t<div class=\"elementor-element elementor-element-9881349 e-flex e-con-boxed e-con e-parent\" data-id=\"9881349\" data-element_type=\"container\" data-e-type=\"container\">\n\t\t\t\t\t<div class=\"e-con-inner\">\n\t\t\t\t<div class=\"elementor-element elementor-element-0f61f77 contenu-text elementor-widget elementor-widget-text-editor\" data-id=\"0f61f77\" data-element_type=\"widget\" data-e-type=\"widget\" data-widget_type=\"text-editor.default\">\n\t\t\t\t<div class=\"elementor-widget-container\">\n\t\t\t\t\t\t\t\t\t<p>\u00a0<\/p><h2>Respons\u00e1vel pelo site Web<\/h2><p>BRUNEL SAS Sociedade por A\u00e7\u00f5es Simplificada com um capital de 591 600 \u20ac e cuja sede est\u00e1 localizada na Zona Industrial da Pilaterie, 16 rue Harald Stammbach, FR 59290 WASQUEHAL, registrada no Registro de Com\u00e9rcio e Sociedades de Lille sob o n\u00famero B 378 517 148 \u2013 SIRET: 378 517 148 000 11 \u2013 N\u00b0 de IVA intracomunit\u00e1rio: FR 04 378 517 148.<\/p><p>Diretor-Geral: Jean-Pierre DANO<\/p><p>Tel.: +33 (0) 3 20 43 21 80 \u2013 Fax: +33 (0) 3 20 43 21 90<\/p><p>Para nos contactar, utilize preferencialmente o formul\u00e1rio de contacto do site clicando <a href=\"https:\/\/starwax.eu\/pt-pt\/contacto\/\">aqui<\/a>.<\/p><h2>Site Web editado por<\/h2><p>BRUNEL S.A.S.<br \/>Zona Industrial da Pilaterie<br \/>16 rue Harald Stammbach<br \/>59290 WASQUEHAL<br \/>RCS LILLE B 378 517 148<br \/>Tel.: +33 (0) 3 20 43 21 80 \u2013 Fax: +33 (0) 3 20 43 21 90<\/p><h2>Cria\u00e7\u00e3o do site Web<\/h2><p>Web Design &amp; Desenvolvimento: <a href=\"https:\/\/www.devonly.fr\/\" target=\"_blank\" rel=\"noopener\">DevOnly &#8211; Cl\u00e9ment Bellier<\/a><\/p><h2>Direitos das marcas<\/h2><p>As denomina\u00e7\u00f5es sociais, marcas e sinais distintivos reproduzidos no site Web est\u00e3o protegidos pelos direitos de marcas. A reprodu\u00e7\u00e3o ou representa\u00e7\u00e3o, total ou parcial, de qualquer um dos sinais mencionados acima \u00e9 estritamente proibida e deve ser previamente autorizada por escrito pelo titular da marca.<\/p><h2>Cria\u00e7\u00e3o de links para o site Web starwax.eu<\/h2><p>Qualquer link de hipertexto apontando para o conte\u00fado do site Web deve ser autorizado pela dire\u00e7\u00e3o da publica\u00e7\u00e3o. Esta autoriza\u00e7\u00e3o n\u00e3o se aplica a sites que divulguem informa\u00e7\u00f5es de car\u00e1ter pol\u00eamico, pornogr\u00e1fico, xen\u00f3fobo ou que possam, de maneira mais ampla, ferir a sensibilidade da maioria das pessoas ou a ordem p\u00fablica.<\/p><h2>Direito de acesso e modifica\u00e7\u00e3o dos dados do usu\u00e1rio<\/h2><p>O usu\u00e1rio \u00e9 informado de que seus dados pessoais coletados por meio dos formul\u00e1rios de contato, formul\u00e1rios de inscri\u00e7\u00e3o na Newsletter, jogos, pesquisas ou qualquer outro question\u00e1rio s\u00e3o tratados pela BRUNEL. Por &#8220;Informa\u00e7\u00f5es Pessoais&#8221;, entende-se qualquer informa\u00e7\u00e3o que permita identificar uma pessoa. Isso geralmente inclui um nome, um endere\u00e7o, um n\u00famero de telefone ou um endere\u00e7o de e-mail.<\/p><p>As informa\u00e7\u00f5es coletadas s\u00e3o estritamente confidenciais e destinadas ao uso exclusivo da empresa BRUNEL.<\/p><p>Algumas informa\u00e7\u00f5es espec\u00edficas solicitadas nos formul\u00e1rios online s\u00e3o obrigat\u00f3rias.<\/p><h2>Declara\u00e7\u00e3o CNIL e dados pessoais<\/h2><p>Em conformidade com a Lei n\u00b078-17 de 6 de janeiro de 1978 relativa \u00e0 inform\u00e1tica, aos arquivos e \u00e0s liberdades, o tratamento dos dados pessoais recolhidos no site Web starwax.eu foi declarado junto \u00e0 Comiss\u00e3o Nacional de Inform\u00e1tica e Liberdades. O usu\u00e1rio tem o direito de acesso, modifica\u00e7\u00e3o, oposi\u00e7\u00e3o ou exclus\u00e3o dos dados que lhe dizem respeito. Esse direito pode ser exercido escrevendo para Brunel SAS \u2013 Servi\u00e7o de Gest\u00e3o do Site Web Starwax \u2013 CS 80206 \u2013 F 59445 WASQUEHAL ou por e-mail para <a href=\"mailto:contact@brunel.fr\">contact@brunel.fr<\/a>. Este endere\u00e7o de e-mail est\u00e1 protegido contra spambots, \u00e9 necess\u00e1rio ativar o JavaScript para visualiz\u00e1-lo.<\/p><h2>Seguran\u00e7a e confidencialidade na rede<\/h2><p>Embora implementemos todos os meios para garantir a seguran\u00e7a e a confidencialidade na rede, algumas mensagens que nos s\u00e3o enviadas pela Internet podem ser interceptadas por pessoas mal-intencionadas. N\u00e3o podemos garantir sua confidencialidade at\u00e9 que nos cheguem. O usu\u00e1rio deve garantir que n\u00e3o divulga dados pessoais ou confidenciais desnecess\u00e1rios, sens\u00edveis ou pertencentes a terceiros.<\/p><p>Al\u00e9m disso, a indica\u00e7\u00e3o da origem das mensagens eletr\u00f4nicas que recebemos pode ser falsificada.<\/p><p>Para obter mais informa\u00e7\u00f5es sobre os procedimentos a seguir caso ocorra esse tipo de problema, que ainda assim permanece raro, entre em contato com a BRUNEL SAS por escrito.<\/p><h2>Uso das informa\u00e7\u00f5es do site starwax.eu e direitos autorais<\/h2><p>O uso de qualquer documento proveniente do site starwax.eu \u00e9 autorizado apenas para fins informativos e de uso privado. Qualquer outro uso para fins distintos \u00e9 expressamente proibido. A empresa BRUNEL SAS se esfor\u00e7a ao m\u00e1ximo para garantir a exatid\u00e3o e a atualiza\u00e7\u00e3o das informa\u00e7\u00f5es divulgadas no site Web starwax.eu, reservando-se o direito de corrigir, a qualquer momento e sem aviso pr\u00e9vio, seu conte\u00fado. Cabe a cada usu\u00e1rio do site verificar, se necess\u00e1rio, as informa\u00e7\u00f5es por outros meios, incluindo o contato direto com a empresa. A empresa BRUNEL SAS n\u00e3o se responsabiliza:<\/p><ul><li>por qualquer imprecis\u00e3o, erro ou omiss\u00e3o nas informa\u00e7\u00f5es dispon\u00edveis no site starwax.eu;<\/li><li>por qualquer dano resultante de uma intrus\u00e3o fraudulenta de terceiros que tenha modificado as informa\u00e7\u00f5es disponibilizadas no site starwax.eu;<\/li><li>e, de maneira geral, por qualquer dano, direto ou indireto, qualquer que seja a causa, origem, natureza ou consequ\u00eancia, causado pelo acesso de qualquer pessoa ao site starwax.eu ou pela impossibilidade de acess\u00e1-lo, bem como pelo uso do site starwax.eu e\/ou pela confian\u00e7a depositada em informa\u00e7\u00f5es provenientes direta ou indiretamente deste.<\/li><\/ul><p>Al\u00e9m disso, salvo indica\u00e7\u00e3o em contr\u00e1rio, os direitos de propriedade intelectual sobre os documentos contidos no site Web e cada um dos elementos criados para este site s\u00e3o de propriedade exclusiva da empresa BRUNEL SAS ou de seus fornecedores, que n\u00e3o concedem nenhuma licen\u00e7a nem qualquer direito al\u00e9m da consulta ao site starwax.eu.<\/p><p>A reprodu\u00e7\u00e3o de quaisquer documentos publicados no site starwax.eu \u00e9 autorizada exclusivamente para fins informativos e de uso pessoal e privado; qualquer reprodu\u00e7\u00e3o ou uso das c\u00f3pias para outros fins \u00e9 expressamente proibido.<\/p><p>Todas as marcas mencionadas no site starwax.eu pertencem \u00e0s suas respectivas empresas. Todos os produtos, logotipos, imagens e, de forma geral, todos os elementos multim\u00eddia e textos citados nas p\u00e1ginas do site starwax.eu s\u00e3o propriedade de suas respectivas marcas. As fotografias dos produtos reproduzidas n\u00e3o s\u00e3o contratuais.<\/p><h2>Informa\u00e7\u00f5es t\u00e9cnicas<\/h2><p>O site starwax.eu est\u00e1 acess\u00edvel 24 horas por dia, 7 dias por semana, exceto em casos de for\u00e7a maior, dificuldades inform\u00e1ticas, problemas relacionados \u00e0 estrutura das redes de comunica\u00e7\u00e3o ou dificuldades t\u00e9cnicas. Por raz\u00f5es de manuten\u00e7\u00e3o, a empresa BRUNEL SAS, ou qualquer prestador de servi\u00e7os devidamente autorizado agindo em nome da empresa BRUNEL SAS, poder\u00e1 interromper temporariamente e a qualquer momento o site starwax.eu.<\/p>\t\t\t\t\t\t\t\t<\/div>\n\t\t\t\t<\/div>\n\t\t\t\t\t<\/div>\n\t\t\t\t<\/div>\n\t\t\t\t<\/div>\n\t\t","protected":false},"excerpt":{"rendered":"<p>Aviso legal \u00a0 Respons\u00e1vel pelo site Web BRUNEL SAS Sociedade por A\u00e7\u00f5es Simplificada com um capital de 591 600 \u20ac e cuja sede est\u00e1 localizada na Zona Industrial da Pilaterie, 16 rue Harald Stammbach, FR 59290 WASQUEHAL, registrada no Registro de Com\u00e9rcio e Sociedades de Lille sob o n\u00famero B 378 517 148 \u2013 SIRET: [&hellip;]<\/p>\n","protected":false},"author":1,"featured_media":0,"parent":0,"menu_order":0,"comment_status":"closed","ping_status":"closed","template":"elementor_header_footer","meta":{"_acf_changed":false,"footnotes":""},"class_list":["post-13228","page","type-page","status-publish","hentry"],"acf":[],"yoast_head":"<!-- This site is optimized with the Yoast SEO plugin v27.3 - https:\/\/yoast.com\/product\/yoast-seo-wordpress\/ -->\n<title>Aviso legal - Starwax - Produits d&#039;entretien pour la maison<\/title>\n<meta name=\"robots\" content=\"index, follow, max-snippet:-1, max-image-preview:large, max-video-preview:-1\" \/>\n<link rel=\"canonical\" href=\"https:\/\/starwax.eu\/pt-pt\/aviso-legal\/\" \/>\n<meta property=\"og:locale\" content=\"pt_PT\" \/>\n<meta property=\"og:type\" content=\"article\" \/>\n<meta property=\"og:title\" content=\"Aviso legal - Starwax - Produits d&#039;entretien pour la maison\" \/>\n<meta property=\"og:description\" content=\"Aviso legal \u00a0 Respons\u00e1vel pelo site Web BRUNEL SAS Sociedade por A\u00e7\u00f5es Simplificada com um capital de 591 600 \u20ac e cuja sede est\u00e1 localizada na Zona Industrial da Pilaterie, 16 rue Harald Stammbach, FR 59290 WASQUEHAL, registrada no Registro de Com\u00e9rcio e Sociedades de Lille sob o n\u00famero B 378 517 148 \u2013 SIRET: [&hellip;]\" \/>\n<meta property=\"og:url\" content=\"https:\/\/starwax.eu\/pt-pt\/aviso-legal\/\" \/>\n<meta property=\"og:site_name\" content=\"Starwax - Produits d&#039;entretien pour la maison\" \/>\n<meta property=\"article:publisher\" content=\"https:\/\/www.facebook.com\/starwaxbe\" \/>\n<meta property=\"article:modified_time\" content=\"2025-02-08T09:02:24+00:00\" \/>\n<meta name=\"twitter:card\" content=\"summary_large_image\" \/>\n<meta name=\"twitter:label1\" content=\"Tempo estimado de leitura\" \/>\n\t<meta name=\"twitter:data1\" content=\"6 minutos\" \/>\n<script type=\"application\/ld+json\" class=\"yoast-schema-graph\">{\"@context\":\"https:\\\/\\\/schema.org\",\"@graph\":[{\"@type\":\"WebPage\",\"@id\":\"https:\\\/\\\/starwax.eu\\\/pt-pt\\\/aviso-legal\\\/\",\"url\":\"https:\\\/\\\/starwax.eu\\\/pt-pt\\\/aviso-legal\\\/\",\"name\":\"Aviso legal - Starwax - Produits d&#039;entretien pour la maison\",\"isPartOf\":{\"@id\":\"https:\\\/\\\/starwax.eu\\\/pt-pt\\\/#website\"},\"datePublished\":\"2024-07-17T08:28:24+00:00\",\"dateModified\":\"2025-02-08T09:02:24+00:00\",\"breadcrumb\":{\"@id\":\"https:\\\/\\\/starwax.eu\\\/pt-pt\\\/aviso-legal\\\/#breadcrumb\"},\"inLanguage\":\"pt-PT\",\"potentialAction\":[{\"@type\":\"ReadAction\",\"target\":[\"https:\\\/\\\/starwax.eu\\\/pt-pt\\\/aviso-legal\\\/\"]}]},{\"@type\":\"BreadcrumbList\",\"@id\":\"https:\\\/\\\/starwax.eu\\\/pt-pt\\\/aviso-legal\\\/#breadcrumb\",\"itemListElement\":[{\"@type\":\"ListItem\",\"position\":1,\"name\":\"In\u00edcio\",\"item\":\"https:\\\/\\\/starwax.eu\\\/pt-pt\\\/\"},{\"@type\":\"ListItem\",\"position\":2,\"name\":\"Aviso legal\"}]},{\"@type\":\"WebSite\",\"@id\":\"https:\\\/\\\/starwax.eu\\\/pt-pt\\\/#website\",\"url\":\"https:\\\/\\\/starwax.eu\\\/pt-pt\\\/\",\"name\":\"Starwax - Produits d'entretien pour la maison\",\"description\":\"\",\"publisher\":{\"@id\":\"https:\\\/\\\/starwax.eu\\\/pt-pt\\\/#organization\"},\"potentialAction\":[{\"@type\":\"SearchAction\",\"target\":{\"@type\":\"EntryPoint\",\"urlTemplate\":\"https:\\\/\\\/starwax.eu\\\/pt-pt\\\/?s={search_term_string}\"},\"query-input\":{\"@type\":\"PropertyValueSpecification\",\"valueRequired\":true,\"valueName\":\"search_term_string\"}}],\"inLanguage\":\"pt-PT\"},{\"@type\":\"Organization\",\"@id\":\"https:\\\/\\\/starwax.eu\\\/pt-pt\\\/#organization\",\"name\":\"Starwax - Produits d'entretien pour la maison\",\"url\":\"https:\\\/\\\/starwax.eu\\\/pt-pt\\\/\",\"logo\":{\"@type\":\"ImageObject\",\"inLanguage\":\"pt-PT\",\"@id\":\"https:\\\/\\\/starwax.eu\\\/pt-pt\\\/#\\\/schema\\\/logo\\\/image\\\/\",\"url\":\"https:\\\/\\\/starwax.eu\\\/wp-content\\\/uploads\\\/2024\\\/06\\\/logo-starwax.svg\",\"contentUrl\":\"https:\\\/\\\/starwax.eu\\\/wp-content\\\/uploads\\\/2024\\\/06\\\/logo-starwax.svg\",\"width\":150,\"height\":61,\"caption\":\"Starwax - Produits d'entretien pour la maison\"},\"image\":{\"@id\":\"https:\\\/\\\/starwax.eu\\\/pt-pt\\\/#\\\/schema\\\/logo\\\/image\\\/\"},\"sameAs\":[\"https:\\\/\\\/www.facebook.com\\\/starwaxbe\"]}]}<\/script>\n<!-- \/ Yoast SEO plugin. -->","yoast_head_json":{"title":"Aviso legal - Starwax - Produits d&#039;entretien pour la maison","robots":{"index":"index","follow":"follow","max-snippet":"max-snippet:-1","max-image-preview":"max-image-preview:large","max-video-preview":"max-video-preview:-1"},"canonical":"https:\/\/starwax.eu\/pt-pt\/aviso-legal\/","og_locale":"pt_PT","og_type":"article","og_title":"Aviso legal - Starwax - Produits d&#039;entretien pour la maison","og_description":"Aviso legal \u00a0 Respons\u00e1vel pelo site Web BRUNEL SAS Sociedade por A\u00e7\u00f5es Simplificada com um capital de 591 600 \u20ac e cuja sede est\u00e1 localizada na Zona Industrial da Pilaterie, 16 rue Harald Stammbach, FR 59290 WASQUEHAL, registrada no Registro de Com\u00e9rcio e Sociedades de Lille sob o n\u00famero B 378 517 148 \u2013 SIRET: [&hellip;]","og_url":"https:\/\/starwax.eu\/pt-pt\/aviso-legal\/","og_site_name":"Starwax - Produits d&#039;entretien pour la maison","article_publisher":"https:\/\/www.facebook.com\/starwaxbe","article_modified_time":"2025-02-08T09:02:24+00:00","twitter_card":"summary_large_image","twitter_misc":{"Tempo estimado de leitura":"6 minutos"},"schema":{"@context":"https:\/\/schema.org","@graph":[{"@type":"WebPage","@id":"https:\/\/starwax.eu\/pt-pt\/aviso-legal\/","url":"https:\/\/starwax.eu\/pt-pt\/aviso-legal\/","name":"Aviso legal - Starwax - Produits d&#039;entretien pour la maison","isPartOf":{"@id":"https:\/\/starwax.eu\/pt-pt\/#website"},"datePublished":"2024-07-17T08:28:24+00:00","dateModified":"2025-02-08T09:02:24+00:00","breadcrumb":{"@id":"https:\/\/starwax.eu\/pt-pt\/aviso-legal\/#breadcrumb"},"inLanguage":"pt-PT","potentialAction":[{"@type":"ReadAction","target":["https:\/\/starwax.eu\/pt-pt\/aviso-legal\/"]}]},{"@type":"BreadcrumbList","@id":"https:\/\/starwax.eu\/pt-pt\/aviso-legal\/#breadcrumb","itemListElement":[{"@type":"ListItem","position":1,"name":"In\u00edcio","item":"https:\/\/starwax.eu\/pt-pt\/"},{"@type":"ListItem","position":2,"name":"Aviso legal"}]},{"@type":"WebSite","@id":"https:\/\/starwax.eu\/pt-pt\/#website","url":"https:\/\/starwax.eu\/pt-pt\/","name":"Starwax - Produits d'entretien pour la maison","description":"","publisher":{"@id":"https:\/\/starwax.eu\/pt-pt\/#organization"},"potentialAction":[{"@type":"SearchAction","target":{"@type":"EntryPoint","urlTemplate":"https:\/\/starwax.eu\/pt-pt\/?s={search_term_string}"},"query-input":{"@type":"PropertyValueSpecification","valueRequired":true,"valueName":"search_term_string"}}],"inLanguage":"pt-PT"},{"@type":"Organization","@id":"https:\/\/starwax.eu\/pt-pt\/#organization","name":"Starwax - Produits d'entretien pour la maison","url":"https:\/\/starwax.eu\/pt-pt\/","logo":{"@type":"ImageObject","inLanguage":"pt-PT","@id":"https:\/\/starwax.eu\/pt-pt\/#\/schema\/logo\/image\/","url":"https:\/\/starwax.eu\/wp-content\/uploads\/2024\/06\/logo-starwax.svg","contentUrl":"https:\/\/starwax.eu\/wp-content\/uploads\/2024\/06\/logo-starwax.svg","width":150,"height":61,"caption":"Starwax - Produits d'entretien pour la maison"},"image":{"@id":"https:\/\/starwax.eu\/pt-pt\/#\/schema\/logo\/image\/"},"sameAs":["https:\/\/www.facebook.com\/starwaxbe"]}]}},"_links":{"self":[{"href":"https:\/\/starwax.eu\/pt-pt\/wp-json\/wp\/v2\/pages\/13228","targetHints":{"allow":["GET"]}}],"collection":[{"href":"https:\/\/starwax.eu\/pt-pt\/wp-json\/wp\/v2\/pages"}],"about":[{"href":"https:\/\/starwax.eu\/pt-pt\/wp-json\/wp\/v2\/types\/page"}],"author":[{"embeddable":true,"href":"https:\/\/starwax.eu\/pt-pt\/wp-json\/wp\/v2\/users\/1"}],"replies":[{"embeddable":true,"href":"https:\/\/starwax.eu\/pt-pt\/wp-json\/wp\/v2\/comments?post=13228"}],"version-history":[{"count":13,"href":"https:\/\/starwax.eu\/pt-pt\/wp-json\/wp\/v2\/pages\/13228\/revisions"}],"predecessor-version":[{"id":13242,"href":"https:\/\/starwax.eu\/pt-pt\/wp-json\/wp\/v2\/pages\/13228\/revisions\/13242"}],"wp:attachment":[{"href":"https:\/\/starwax.eu\/pt-pt\/wp-json\/wp\/v2\/media?parent=13228"}],"curies":[{"name":"wp","href":"https:\/\/api.w.org\/{rel}","templated":true}]}}