{"id":13206,"date":"2024-07-17T10:28:02","date_gmt":"2024-07-17T08:28:02","guid":{"rendered":"https:\/\/starwax.eu\/faq\/"},"modified":"2025-02-07T12:29:06","modified_gmt":"2025-02-07T11:29:06","slug":"faq","status":"publish","type":"page","link":"https:\/\/starwax.eu\/pt-pt\/faq\/","title":{"rendered":"FAQ"},"content":{"rendered":"\t\t<div data-elementor-type=\"wp-page\" data-elementor-id=\"13206\" class=\"elementor elementor-13206 elementor-643\" data-elementor-post-type=\"page\">\n\t\t\t\t<div class=\"elementor-element elementor-element-eed86ec e-flex e-con-boxed e-con e-parent\" data-id=\"eed86ec\" data-element_type=\"container\" data-e-type=\"container\">\n\t\t\t\t\t<div class=\"e-con-inner\">\n\t\t\t\t<div class=\"elementor-element elementor-element-fd374cd elementor-widget elementor-widget-breadcrumbs\" data-id=\"fd374cd\" data-element_type=\"widget\" data-e-type=\"widget\" data-widget_type=\"breadcrumbs.default\">\n\t\t\t\t<div class=\"elementor-widget-container\">\n\t\t\t\t\t<p id=\"breadcrumbs\"><span><span><a href=\"https:\/\/starwax.eu\/pt-pt\/\">In\u00edcio<\/a><\/span><\/span><\/p>\t\t\t\t<\/div>\n\t\t\t\t<\/div>\n\t\t\t\t\t<\/div>\n\t\t\t\t<\/div>\n\t\t<div class=\"elementor-element elementor-element-67bc0f5 e-flex e-con-boxed e-con e-parent\" data-id=\"67bc0f5\" data-element_type=\"container\" data-e-type=\"container\">\n\t\t\t\t\t<div class=\"e-con-inner\">\n\t\t<div class=\"elementor-element elementor-element-e0da1fc e-con-full e-flex e-con e-child\" data-id=\"e0da1fc\" data-element_type=\"container\" data-e-type=\"container\" data-settings=\"{&quot;background_background&quot;:&quot;classic&quot;}\">\n\t\t\t\t<div class=\"elementor-element elementor-element-a23cda4 elementor-widget elementor-widget-heading\" data-id=\"a23cda4\" data-element_type=\"widget\" data-e-type=\"widget\" data-widget_type=\"heading.default\">\n\t\t\t\t<div class=\"elementor-widget-container\">\n\t\t\t\t\t<h1 class=\"elementor-heading-title elementor-size-default\">FAQ<\/h1>\t\t\t\t<\/div>\n\t\t\t\t<\/div>\n\t\t\t\t<div class=\"elementor-element elementor-element-f649776 elementor-widget__width-initial elementor-widget elementor-widget-text-editor\" data-id=\"f649776\" data-element_type=\"widget\" data-e-type=\"widget\" data-widget_type=\"text-editor.default\">\n\t\t\t\t<div class=\"elementor-widget-container\">\n\t\t\t\t\t\t\t\t\t<p>Encontre a resposta para suas perguntas em nossa se\u00e7\u00e3o de Perguntas Frequentes<\/p>\n\t\t\t\t\t\t\t\t<\/div>\n\t\t\t\t<\/div>\n\t\t\t\t<\/div>\n\t\t\t\t\t<\/div>\n\t\t\t\t<\/div>\n\t\t<div class=\"elementor-element elementor-element-b87b19c e-flex e-con-boxed e-con e-parent\" data-id=\"b87b19c\" data-element_type=\"container\" data-e-type=\"container\">\n\t\t\t\t\t<div class=\"e-con-inner\">\n\t\t\t\t<div class=\"elementor-element elementor-element-0a659d4 elementor-widget elementor-widget-n-accordion\" data-id=\"0a659d4\" data-element_type=\"widget\" data-e-type=\"widget\" data-settings=\"{&quot;default_state&quot;:&quot;all_collapsed&quot;,&quot;n_accordion_animation_duration&quot;:{&quot;unit&quot;:&quot;ms&quot;,&quot;size&quot;:350,&quot;sizes&quot;:[]},&quot;max_items_expended&quot;:&quot;one&quot;}\" data-widget_type=\"nested-accordion.default\">\n\t\t\t\t<div class=\"elementor-widget-container\">\n\t\t\t\t\t\t\t<div class=\"e-n-accordion\" aria-label=\"Accordion. Open links with Enter or Space, close with Escape, and navigate with Arrow Keys\">\n\t\t\t\t\t\t<details id=\"e-n-accordion-item-1090\" class=\"e-n-accordion-item\" >\n\t\t\t\t<summary class=\"e-n-accordion-item-title\" data-accordion-index=\"1\" tabindex=\"0\" aria-expanded=\"false\" aria-controls=\"e-n-accordion-item-1090\" >\n\t\t\t\t\t<span class='e-n-accordion-item-title-header'><div class=\"e-n-accordion-item-title-text\"> Voc\u00ea est\u00e1 procurando uma ficha de dados de seguran\u00e7a? <\/div><\/span>\n\t\t\t\t\t\t\t<span class='e-n-accordion-item-title-icon'>\n\t\t\t<span class='e-opened' ><svg xmlns=\"http:\/\/www.w3.org\/2000\/svg\" width=\"4.716\" height=\"1.116\" viewBox=\"0 0 4.716 1.116\"><path id=\"minus-starwaxeu\" d=\"M1.08-4.32H5.8V-5.436H1.08Z\" transform=\"translate(-1.08 5.436)\" fill=\"#1b2c4c\"><\/path><\/svg><\/span>\n\t\t\t<span class='e-closed'><svg xmlns=\"http:\/\/www.w3.org\/2000\/svg\" width=\"7.83\" height=\"7.632\" viewBox=\"0 0 7.83 7.632\"><path id=\"plus-starwaxeu\" d=\"M9.09-6.822H5.742v-3.294H4.608v3.294H1.26V-5.76H4.608v3.276H5.742V-5.76H9.09Z\" transform=\"translate(-1.26 10.116)\" fill=\"#1b2c4c\"><\/path><\/svg><\/span>\n\t\t<\/span>\n\n\t\t\t\t\t\t<\/summary>\n\t\t\t\t<div role=\"region\" aria-labelledby=\"e-n-accordion-item-1090\" class=\"elementor-element elementor-element-887a071 e-con-full e-flex e-con e-child\" data-id=\"887a071\" data-element_type=\"container\" data-e-type=\"container\">\n\t\t\t\t<div class=\"elementor-element elementor-element-eab7729 elementor-widget elementor-widget-text-editor\" data-id=\"eab7729\" data-element_type=\"widget\" data-e-type=\"widget\" data-widget_type=\"text-editor.default\">\n\t\t\t\t<div class=\"elementor-widget-container\">\n\t\t\t\t\t\t\t\t\t<p>Voc\u00ea pode consultar as fichas de dados de seguran\u00e7a dos produtos Starwax no site QuickFDS. Selecione o nome do fornecedor &#8220;Brunel&#8221;.<\/p>\n<p>Nossos dados de seguran\u00e7a tamb\u00e9m est\u00e3o dispon\u00edveis clicando no link &#8220;Ficha de seguran\u00e7a&#8221; presente nas p\u00e1ginas dos produtos deste site.<\/p>\n\t\t\t\t\t\t\t\t<\/div>\n\t\t\t\t<\/div>\n\t\t\t\t<\/div>\n\t\t\t\t\t<\/details>\n\t\t\t\t\t\t<details id=\"e-n-accordion-item-1091\" class=\"e-n-accordion-item\" >\n\t\t\t\t<summary class=\"e-n-accordion-item-title\" data-accordion-index=\"2\" tabindex=\"-1\" aria-expanded=\"false\" aria-controls=\"e-n-accordion-item-1091\" >\n\t\t\t\t\t<span class='e-n-accordion-item-title-header'><div class=\"e-n-accordion-item-title-text\"> Voc\u00ea est\u00e1 procurando um distribuidor Starwax perto de voc\u00ea? <\/div><\/span>\n\t\t\t\t\t\t\t<span class='e-n-accordion-item-title-icon'>\n\t\t\t<span class='e-opened' ><svg xmlns=\"http:\/\/www.w3.org\/2000\/svg\" width=\"4.716\" height=\"1.116\" viewBox=\"0 0 4.716 1.116\"><path id=\"minus-starwaxeu\" d=\"M1.08-4.32H5.8V-5.436H1.08Z\" transform=\"translate(-1.08 5.436)\" fill=\"#1b2c4c\"><\/path><\/svg><\/span>\n\t\t\t<span class='e-closed'><svg xmlns=\"http:\/\/www.w3.org\/2000\/svg\" width=\"7.83\" height=\"7.632\" viewBox=\"0 0 7.83 7.632\"><path id=\"plus-starwaxeu\" d=\"M9.09-6.822H5.742v-3.294H4.608v3.294H1.26V-5.76H4.608v3.276H5.742V-5.76H9.09Z\" transform=\"translate(-1.26 10.116)\" fill=\"#1b2c4c\"><\/path><\/svg><\/span>\n\t\t<\/span>\n\n\t\t\t\t\t\t<\/summary>\n\t\t\t\t<div role=\"region\" aria-labelledby=\"e-n-accordion-item-1091\" class=\"elementor-element elementor-element-c28f708 e-con-full e-flex e-con e-child\" data-id=\"c28f708\" data-element_type=\"container\" data-e-type=\"container\">\n\t\t\t\t<div class=\"elementor-element elementor-element-b7062c0 elementor-widget elementor-widget-text-editor\" data-id=\"b7062c0\" data-element_type=\"widget\" data-e-type=\"widget\" data-widget_type=\"text-editor.default\">\n\t\t\t\t<div class=\"elementor-widget-container\">\n\t\t\t\t\t\t\t\t\t<p>Os produtos Starwax s\u00e3o vendidos em lojas de bricolagem e drogarias no centro da cidade. Encontre a loja mais pr\u00f3xima de voc\u00ea na nossa p\u00e1gina de distribuidores:<\/p>\n\t\t\t\t\t\t\t\t<\/div>\n\t\t\t\t<\/div>\n\t\t\t\t<div class=\"elementor-element elementor-element-2c8b7b7 elementor-widget elementor-widget-button\" data-id=\"2c8b7b7\" data-element_type=\"widget\" data-e-type=\"widget\" data-widget_type=\"button.default\">\n\t\t\t\t<div class=\"elementor-widget-container\">\n\t\t\t\t\t\t\t\t\t<div class=\"elementor-button-wrapper\">\n\t\t\t\t\t<a class=\"elementor-button elementor-button-link elementor-size-sm\" href=\"https:\/\/starwax.eu\/pt-pt\/os-distribuidores\/\">\n\t\t\t\t\t\t<span class=\"elementor-button-content-wrapper\">\n\t\t\t\t\t\t\t\t\t<span class=\"elementor-button-text\">Encontrar um distribuidor<\/span>\n\t\t\t\t\t<\/span>\n\t\t\t\t\t<\/a>\n\t\t\t\t<\/div>\n\t\t\t\t\t\t\t\t<\/div>\n\t\t\t\t<\/div>\n\t\t\t\t<\/div>\n\t\t\t\t\t<\/details>\n\t\t\t\t\t\t<details id=\"e-n-accordion-item-1092\" class=\"e-n-accordion-item\" >\n\t\t\t\t<summary class=\"e-n-accordion-item-title\" data-accordion-index=\"3\" tabindex=\"-1\" aria-expanded=\"false\" aria-controls=\"e-n-accordion-item-1092\" >\n\t\t\t\t\t<span class='e-n-accordion-item-title-header'><div class=\"e-n-accordion-item-title-text\"> Voc\u00ea \u00e9 jornalista e est\u00e1 procurando um contato de imprensa? <\/div><\/span>\n\t\t\t\t\t\t\t<span class='e-n-accordion-item-title-icon'>\n\t\t\t<span class='e-opened' ><svg xmlns=\"http:\/\/www.w3.org\/2000\/svg\" width=\"4.716\" height=\"1.116\" viewBox=\"0 0 4.716 1.116\"><path id=\"minus-starwaxeu\" d=\"M1.08-4.32H5.8V-5.436H1.08Z\" transform=\"translate(-1.08 5.436)\" fill=\"#1b2c4c\"><\/path><\/svg><\/span>\n\t\t\t<span class='e-closed'><svg xmlns=\"http:\/\/www.w3.org\/2000\/svg\" width=\"7.83\" height=\"7.632\" viewBox=\"0 0 7.83 7.632\"><path id=\"plus-starwaxeu\" d=\"M9.09-6.822H5.742v-3.294H4.608v3.294H1.26V-5.76H4.608v3.276H5.742V-5.76H9.09Z\" transform=\"translate(-1.26 10.116)\" fill=\"#1b2c4c\"><\/path><\/svg><\/span>\n\t\t<\/span>\n\n\t\t\t\t\t\t<\/summary>\n\t\t\t\t<div role=\"region\" aria-labelledby=\"e-n-accordion-item-1092\" class=\"elementor-element elementor-element-d989cf2 e-con-full e-flex e-con e-child\" data-id=\"d989cf2\" data-element_type=\"container\" data-e-type=\"container\">\n\t\t\t\t<div class=\"elementor-element elementor-element-f8947da elementor-widget elementor-widget-text-editor\" data-id=\"f8947da\" data-element_type=\"widget\" data-e-type=\"widget\" data-widget_type=\"text-editor.default\">\n\t\t\t\t<div class=\"elementor-widget-container\">\n\t\t\t\t\t\t\t\t\t<p>Voc\u00ea pode entrar em contato diretamente com a pessoa respons\u00e1vel pelas rela\u00e7\u00f5es com a imprensa atrav\u00e9s de nossa p\u00e1gina de contato:<\/p>\n\t\t\t\t\t\t\t\t<\/div>\n\t\t\t\t<\/div>\n\t\t\t\t<div class=\"elementor-element elementor-element-b5ee4ca elementor-widget elementor-widget-button\" data-id=\"b5ee4ca\" data-element_type=\"widget\" data-e-type=\"widget\" data-widget_type=\"button.default\">\n\t\t\t\t<div class=\"elementor-widget-container\">\n\t\t\t\t\t\t\t\t\t<div class=\"elementor-button-wrapper\">\n\t\t\t\t\t<a class=\"elementor-button elementor-button-link elementor-size-sm\" href=\"https:\/\/starwax.eu\/pt-pt\/contacto\/\">\n\t\t\t\t\t\t<span class=\"elementor-button-content-wrapper\">\n\t\t\t\t\t\t\t\t\t<span class=\"elementor-button-text\">Contacto<\/span>\n\t\t\t\t\t<\/span>\n\t\t\t\t\t<\/a>\n\t\t\t\t<\/div>\n\t\t\t\t\t\t\t\t<\/div>\n\t\t\t\t<\/div>\n\t\t\t\t<\/div>\n\t\t\t\t\t<\/details>\n\t\t\t\t\t<\/div>\n\t\t\t\t\t\t<\/div>\n\t\t\t\t<\/div>\n\t\t\t\t\t<\/div>\n\t\t\t\t<\/div>\n\t\t\t\t<\/div>\n\t\t","protected":false},"excerpt":{"rendered":"<p>FAQ Encontre a resposta para suas perguntas em nossa se\u00e7\u00e3o de Perguntas Frequentes Voc\u00ea est\u00e1 procurando uma ficha de dados de seguran\u00e7a? Voc\u00ea pode consultar as fichas de dados de seguran\u00e7a dos produtos Starwax no site QuickFDS. Selecione o nome do fornecedor &#8220;Brunel&#8221;. Nossos dados de seguran\u00e7a tamb\u00e9m est\u00e3o dispon\u00edveis clicando no link &#8220;Ficha de [&hellip;]<\/p>\n","protected":false},"author":1,"featured_media":0,"parent":0,"menu_order":0,"comment_status":"closed","ping_status":"closed","template":"elementor_header_footer","meta":{"_acf_changed":false,"footnotes":""},"class_list":["post-13206","page","type-page","status-publish","hentry"],"acf":[],"yoast_head":"<!-- This site is optimized with the Yoast SEO plugin v27.3 - https:\/\/yoast.com\/product\/yoast-seo-wordpress\/ -->\n<title>FAQ - Starwax - Produits d&#039;entretien pour la maison<\/title>\n<meta name=\"robots\" content=\"index, follow, max-snippet:-1, max-image-preview:large, max-video-preview:-1\" \/>\n<link rel=\"canonical\" href=\"https:\/\/starwax.eu\/pt-pt\/faq\/\" \/>\n<meta property=\"og:locale\" content=\"pt_PT\" \/>\n<meta property=\"og:type\" content=\"article\" \/>\n<meta property=\"og:title\" content=\"FAQ - Starwax - Produits d&#039;entretien pour la maison\" \/>\n<meta property=\"og:description\" content=\"FAQ Encontre a resposta para suas perguntas em nossa se\u00e7\u00e3o de Perguntas Frequentes Voc\u00ea est\u00e1 procurando uma ficha de dados de seguran\u00e7a? Voc\u00ea pode consultar as fichas de dados de seguran\u00e7a dos produtos Starwax no site QuickFDS. Selecione o nome do fornecedor &#8220;Brunel&#8221;. Nossos dados de seguran\u00e7a tamb\u00e9m est\u00e3o dispon\u00edveis clicando no link &#8220;Ficha de [&hellip;]\" \/>\n<meta property=\"og:url\" content=\"https:\/\/starwax.eu\/pt-pt\/faq\/\" \/>\n<meta property=\"og:site_name\" content=\"Starwax - Produits d&#039;entretien pour la maison\" \/>\n<meta property=\"article:publisher\" content=\"https:\/\/www.facebook.com\/starwaxbe\" \/>\n<meta property=\"article:modified_time\" content=\"2025-02-07T11:29:06+00:00\" \/>\n<meta name=\"twitter:card\" content=\"summary_large_image\" \/>\n<meta name=\"twitter:label1\" content=\"Tempo estimado de leitura\" \/>\n\t<meta name=\"twitter:data1\" content=\"1 minuto\" \/>\n<script type=\"application\/ld+json\" class=\"yoast-schema-graph\">{\"@context\":\"https:\\\/\\\/schema.org\",\"@graph\":[{\"@type\":\"WebPage\",\"@id\":\"https:\\\/\\\/starwax.eu\\\/pt-pt\\\/faq\\\/\",\"url\":\"https:\\\/\\\/starwax.eu\\\/pt-pt\\\/faq\\\/\",\"name\":\"FAQ - Starwax - Produits d&#039;entretien pour la maison\",\"isPartOf\":{\"@id\":\"https:\\\/\\\/starwax.eu\\\/pt-pt\\\/#website\"},\"datePublished\":\"2024-07-17T08:28:02+00:00\",\"dateModified\":\"2025-02-07T11:29:06+00:00\",\"breadcrumb\":{\"@id\":\"https:\\\/\\\/starwax.eu\\\/pt-pt\\\/faq\\\/#breadcrumb\"},\"inLanguage\":\"pt-PT\",\"potentialAction\":[{\"@type\":\"ReadAction\",\"target\":[\"https:\\\/\\\/starwax.eu\\\/pt-pt\\\/faq\\\/\"]}]},{\"@type\":\"BreadcrumbList\",\"@id\":\"https:\\\/\\\/starwax.eu\\\/pt-pt\\\/faq\\\/#breadcrumb\",\"itemListElement\":[{\"@type\":\"ListItem\",\"position\":1,\"name\":\"In\u00edcio\",\"item\":\"https:\\\/\\\/starwax.eu\\\/pt-pt\\\/\"},{\"@type\":\"ListItem\",\"position\":2,\"name\":\"FAQ\"}]},{\"@type\":\"WebSite\",\"@id\":\"https:\\\/\\\/starwax.eu\\\/pt-pt\\\/#website\",\"url\":\"https:\\\/\\\/starwax.eu\\\/pt-pt\\\/\",\"name\":\"Starwax - Produits d'entretien pour la maison\",\"description\":\"\",\"publisher\":{\"@id\":\"https:\\\/\\\/starwax.eu\\\/pt-pt\\\/#organization\"},\"potentialAction\":[{\"@type\":\"SearchAction\",\"target\":{\"@type\":\"EntryPoint\",\"urlTemplate\":\"https:\\\/\\\/starwax.eu\\\/pt-pt\\\/?s={search_term_string}\"},\"query-input\":{\"@type\":\"PropertyValueSpecification\",\"valueRequired\":true,\"valueName\":\"search_term_string\"}}],\"inLanguage\":\"pt-PT\"},{\"@type\":\"Organization\",\"@id\":\"https:\\\/\\\/starwax.eu\\\/pt-pt\\\/#organization\",\"name\":\"Starwax - Produits d'entretien pour la maison\",\"url\":\"https:\\\/\\\/starwax.eu\\\/pt-pt\\\/\",\"logo\":{\"@type\":\"ImageObject\",\"inLanguage\":\"pt-PT\",\"@id\":\"https:\\\/\\\/starwax.eu\\\/pt-pt\\\/#\\\/schema\\\/logo\\\/image\\\/\",\"url\":\"https:\\\/\\\/starwax.eu\\\/wp-content\\\/uploads\\\/2024\\\/06\\\/logo-starwax.svg\",\"contentUrl\":\"https:\\\/\\\/starwax.eu\\\/wp-content\\\/uploads\\\/2024\\\/06\\\/logo-starwax.svg\",\"width\":150,\"height\":61,\"caption\":\"Starwax - Produits d'entretien pour la maison\"},\"image\":{\"@id\":\"https:\\\/\\\/starwax.eu\\\/pt-pt\\\/#\\\/schema\\\/logo\\\/image\\\/\"},\"sameAs\":[\"https:\\\/\\\/www.facebook.com\\\/starwaxbe\"]}]}<\/script>\n<!-- \/ Yoast SEO plugin. -->","yoast_head_json":{"title":"FAQ - Starwax - Produits d&#039;entretien pour la maison","robots":{"index":"index","follow":"follow","max-snippet":"max-snippet:-1","max-image-preview":"max-image-preview:large","max-video-preview":"max-video-preview:-1"},"canonical":"https:\/\/starwax.eu\/pt-pt\/faq\/","og_locale":"pt_PT","og_type":"article","og_title":"FAQ - Starwax - Produits d&#039;entretien pour la maison","og_description":"FAQ Encontre a resposta para suas perguntas em nossa se\u00e7\u00e3o de Perguntas Frequentes Voc\u00ea est\u00e1 procurando uma ficha de dados de seguran\u00e7a? Voc\u00ea pode consultar as fichas de dados de seguran\u00e7a dos produtos Starwax no site QuickFDS. Selecione o nome do fornecedor &#8220;Brunel&#8221;. Nossos dados de seguran\u00e7a tamb\u00e9m est\u00e3o dispon\u00edveis clicando no link &#8220;Ficha de [&hellip;]","og_url":"https:\/\/starwax.eu\/pt-pt\/faq\/","og_site_name":"Starwax - Produits d&#039;entretien pour la maison","article_publisher":"https:\/\/www.facebook.com\/starwaxbe","article_modified_time":"2025-02-07T11:29:06+00:00","twitter_card":"summary_large_image","twitter_misc":{"Tempo estimado de leitura":"1 minuto"},"schema":{"@context":"https:\/\/schema.org","@graph":[{"@type":"WebPage","@id":"https:\/\/starwax.eu\/pt-pt\/faq\/","url":"https:\/\/starwax.eu\/pt-pt\/faq\/","name":"FAQ - Starwax - Produits d&#039;entretien pour la maison","isPartOf":{"@id":"https:\/\/starwax.eu\/pt-pt\/#website"},"datePublished":"2024-07-17T08:28:02+00:00","dateModified":"2025-02-07T11:29:06+00:00","breadcrumb":{"@id":"https:\/\/starwax.eu\/pt-pt\/faq\/#breadcrumb"},"inLanguage":"pt-PT","potentialAction":[{"@type":"ReadAction","target":["https:\/\/starwax.eu\/pt-pt\/faq\/"]}]},{"@type":"BreadcrumbList","@id":"https:\/\/starwax.eu\/pt-pt\/faq\/#breadcrumb","itemListElement":[{"@type":"ListItem","position":1,"name":"In\u00edcio","item":"https:\/\/starwax.eu\/pt-pt\/"},{"@type":"ListItem","position":2,"name":"FAQ"}]},{"@type":"WebSite","@id":"https:\/\/starwax.eu\/pt-pt\/#website","url":"https:\/\/starwax.eu\/pt-pt\/","name":"Starwax - Produits d'entretien pour la maison","description":"","publisher":{"@id":"https:\/\/starwax.eu\/pt-pt\/#organization"},"potentialAction":[{"@type":"SearchAction","target":{"@type":"EntryPoint","urlTemplate":"https:\/\/starwax.eu\/pt-pt\/?s={search_term_string}"},"query-input":{"@type":"PropertyValueSpecification","valueRequired":true,"valueName":"search_term_string"}}],"inLanguage":"pt-PT"},{"@type":"Organization","@id":"https:\/\/starwax.eu\/pt-pt\/#organization","name":"Starwax - Produits d'entretien pour la maison","url":"https:\/\/starwax.eu\/pt-pt\/","logo":{"@type":"ImageObject","inLanguage":"pt-PT","@id":"https:\/\/starwax.eu\/pt-pt\/#\/schema\/logo\/image\/","url":"https:\/\/starwax.eu\/wp-content\/uploads\/2024\/06\/logo-starwax.svg","contentUrl":"https:\/\/starwax.eu\/wp-content\/uploads\/2024\/06\/logo-starwax.svg","width":150,"height":61,"caption":"Starwax - Produits d'entretien pour la maison"},"image":{"@id":"https:\/\/starwax.eu\/pt-pt\/#\/schema\/logo\/image\/"},"sameAs":["https:\/\/www.facebook.com\/starwaxbe"]}]}},"_links":{"self":[{"href":"https:\/\/starwax.eu\/pt-pt\/wp-json\/wp\/v2\/pages\/13206","targetHints":{"allow":["GET"]}}],"collection":[{"href":"https:\/\/starwax.eu\/pt-pt\/wp-json\/wp\/v2\/pages"}],"about":[{"href":"https:\/\/starwax.eu\/pt-pt\/wp-json\/wp\/v2\/types\/page"}],"author":[{"embeddable":true,"href":"https:\/\/starwax.eu\/pt-pt\/wp-json\/wp\/v2\/users\/1"}],"replies":[{"embeddable":true,"href":"https:\/\/starwax.eu\/pt-pt\/wp-json\/wp\/v2\/comments?post=13206"}],"version-history":[{"count":2,"href":"https:\/\/starwax.eu\/pt-pt\/wp-json\/wp\/v2\/pages\/13206\/revisions"}],"predecessor-version":[{"id":13226,"href":"https:\/\/starwax.eu\/pt-pt\/wp-json\/wp\/v2\/pages\/13206\/revisions\/13226"}],"wp:attachment":[{"href":"https:\/\/starwax.eu\/pt-pt\/wp-json\/wp\/v2\/media?parent=13206"}],"curies":[{"name":"wp","href":"https:\/\/api.w.org\/{rel}","templated":true}]}}