{"id":2283,"date":"2024-07-17T10:27:26","date_gmt":"2024-07-17T08:27:26","guid":{"rendered":"https:\/\/starwax.eu\/over-starwax\/"},"modified":"2024-11-07T18:18:57","modified_gmt":"2024-11-07T17:18:57","slug":"over-starwax","status":"publish","type":"page","link":"https:\/\/starwax.eu\/nl\/over-starwax\/","title":{"rendered":"Over Starwax"},"content":{"rendered":"\t\t<div data-elementor-type=\"wp-page\" data-elementor-id=\"2283\" class=\"elementor elementor-2283 elementor-639\" data-elementor-post-type=\"page\">\n\t\t\t\t<div class=\"elementor-element elementor-element-f952384 e-flex e-con-boxed e-con e-parent\" data-id=\"f952384\" data-element_type=\"container\" data-e-type=\"container\">\n\t\t\t\t\t<div class=\"e-con-inner\">\n\t\t\t\t<div class=\"elementor-element elementor-element-e72fe07 elementor-widget elementor-widget-breadcrumbs\" data-id=\"e72fe07\" data-element_type=\"widget\" data-e-type=\"widget\" data-widget_type=\"breadcrumbs.default\">\n\t\t\t\t<div class=\"elementor-widget-container\">\n\t\t\t\t\t<p id=\"breadcrumbs\"><span><span><a href=\"https:\/\/starwax.eu\/nl\/\">Startpagina<\/a><\/span><\/span><\/p>\t\t\t\t<\/div>\n\t\t\t\t<\/div>\n\t\t\t\t\t<\/div>\n\t\t\t\t<\/div>\n\t\t<div class=\"elementor-element elementor-element-26cbdb5 e-flex e-con-boxed e-con e-parent\" data-id=\"26cbdb5\" data-element_type=\"container\" data-e-type=\"container\">\n\t\t\t\t\t<div class=\"e-con-inner\">\n\t\t<div class=\"elementor-element elementor-element-c9faa65 e-con-full e-flex e-con e-child\" data-id=\"c9faa65\" data-element_type=\"container\" data-e-type=\"container\" data-settings=\"{&quot;background_background&quot;:&quot;classic&quot;}\">\n\t\t\t\t<div class=\"elementor-element elementor-element-30d6c5b elementor-widget elementor-widget-heading\" data-id=\"30d6c5b\" data-element_type=\"widget\" data-e-type=\"widget\" data-widget_type=\"heading.default\">\n\t\t\t\t<div class=\"elementor-widget-container\">\n\t\t\t\t\t<h1 class=\"elementor-heading-title elementor-size-default\">Starwax.<br>\nvoor wie perfectie wil.<\/h1>\t\t\t\t<\/div>\n\t\t\t\t<\/div>\n\t\t\t\t<\/div>\n\t\t\t\t\t<\/div>\n\t\t\t\t<\/div>\n\t\t<div class=\"elementor-element elementor-element-c271af5 e-flex e-con-boxed e-con e-parent\" data-id=\"c271af5\" data-element_type=\"container\" data-e-type=\"container\">\n\t\t\t\t\t<div class=\"e-con-inner\">\n\t\t\t\t<div class=\"elementor-element elementor-element-9bdf706 elementor-widget elementor-widget-heading\" data-id=\"9bdf706\" data-element_type=\"widget\" data-e-type=\"widget\" data-widget_type=\"heading.default\">\n\t\t\t\t<div class=\"elementor-widget-container\">\n\t\t\t\t\t<h2 class=\"elementor-heading-title elementor-size-default\">Bij Starwax maken we al sinds 1946 producten voor mensen zoals jij en ik.<\/h2>\t\t\t\t<\/div>\n\t\t\t\t<\/div>\n\t\t<div class=\"elementor-element elementor-element-707abd3 e-con-full e-flex e-con e-child\" data-id=\"707abd3\" data-element_type=\"container\" data-e-type=\"container\">\n\t\t<div class=\"elementor-element elementor-element-13abb86 e-con-full e-flex e-con e-child\" data-id=\"13abb86\" data-element_type=\"container\" data-e-type=\"container\">\n\t\t\t\t<div class=\"elementor-element elementor-element-6e7c699 elementor-widget elementor-widget-image\" data-id=\"6e7c699\" data-element_type=\"widget\" data-e-type=\"widget\" data-widget_type=\"image.default\">\n\t\t\t\t<div class=\"elementor-widget-container\">\n\t\t\t\t\t\t\t\t\t\t\t\t\t\t\t<img fetchpriority=\"high\" decoding=\"async\" width=\"1000\" height=\"1000\" src=\"https:\/\/starwax.eu\/wp-content\/uploads\/2024\/11\/a-propos-starwax_fr_nl-claim-01.webp\" class=\"attachment-full size-full wp-image-12154\" alt=\"\" srcset=\"https:\/\/starwax.eu\/wp-content\/uploads\/2024\/11\/a-propos-starwax_fr_nl-claim-01.webp 1000w, https:\/\/starwax.eu\/wp-content\/uploads\/2024\/11\/a-propos-starwax_fr_nl-claim-01-768x768.webp 768w\" sizes=\"(max-width: 1000px) 100vw, 1000px\" \/>\t\t\t\t\t\t\t\t\t\t\t\t\t\t\t<\/div>\n\t\t\t\t<\/div>\n\t\t\t\t<\/div>\n\t\t<div class=\"elementor-element elementor-element-9755475 e-con-full e-flex e-con e-child\" data-id=\"9755475\" data-element_type=\"container\" data-e-type=\"container\">\n\t\t\t\t<div class=\"elementor-element elementor-element-ff9bc05 elementor-widget elementor-widget-text-editor\" data-id=\"ff9bc05\" data-element_type=\"widget\" data-e-type=\"widget\" data-widget_type=\"text-editor.default\">\n\t\t\t\t<div class=\"elementor-widget-container\">\n\t\t\t\t\t\t\t\t\t<p>Mensen die geen genoegen nemen met middelmatigheid als het om schoon gaat. Mensen die denken dat een ondankbare taak geen reden is om overhaast te werk te gaan. Het schoonmaken van een huis is namelijk een kwestie van trots.<\/p>\n<p>Kort samengevat, we hebben een merk gecre\u00eberd voor mensen met hoge eisen We zien namelijk het onrecht waarmee je te maken hebt. Je wordt ervan beschuldigd saai, verwaand, obsessief en neurotisch te zijn.<\/p>\n<p>Maar dit is niet meer dan logisch: niemand wil dat de spiksplinternieuwe barbecue er aan het eind van de zomer sjofel uitziet. En jouw architect heeft plannen gemaakt voor een ingebouwd toilet, niet voor een opbouw van kalkaanslag.<\/p>\n<p>Dus ja, wij maken huishoudelijke schoonmaakproducten voor mensen zoals jij en ik. Voor prestatieliefhebbers die niet geloven in wondermiddeltjes of alles-in-\u00e9\u00e9n producten. Voor mensen die deskundige oplossingen willen voor hun alledaagse problemen. Voor mensen die enorm trots zijn als ze het eindresultaat bekijken.<\/p>\n\t\t\t\t\t\t\t\t<\/div>\n\t\t\t\t<\/div>\n\t\t\t\t<\/div>\n\t\t\t\t<\/div>\n\t\t\t\t\t<\/div>\n\t\t\t\t<\/div>\n\t\t<div class=\"elementor-element elementor-element-f7dfc03 e-flex e-con-boxed e-con e-parent\" data-id=\"f7dfc03\" data-element_type=\"container\" data-e-type=\"container\">\n\t\t\t\t\t<div class=\"e-con-inner\">\n\t\t<div class=\"elementor-element elementor-element-2916e3f e-con-full e-flex e-con e-child\" data-id=\"2916e3f\" data-element_type=\"container\" data-e-type=\"container\" data-settings=\"{&quot;background_background&quot;:&quot;classic&quot;}\">\n\t\t<div class=\"elementor-element elementor-element-7f9e1f4 e-con-full e-flex e-con e-child\" data-id=\"7f9e1f4\" data-element_type=\"container\" data-e-type=\"container\">\n\t\t\t\t<div class=\"elementor-element elementor-element-eb68e17 elementor-widget elementor-widget-heading\" data-id=\"eb68e17\" data-element_type=\"widget\" data-e-type=\"widget\" data-widget_type=\"heading.default\">\n\t\t\t\t<div class=\"elementor-widget-container\">\n\t\t\t\t\t<h2 class=\"elementor-heading-title elementor-size-default\">Sorry, we hebben geen product dat alles tegelijk kan!\n<\/h2>\t\t\t\t<\/div>\n\t\t\t\t<\/div>\n\t\t\t\t<div class=\"elementor-element elementor-element-dbbc825 elementor-hidden-desktop elementor-widget elementor-widget-image\" data-id=\"dbbc825\" data-element_type=\"widget\" data-e-type=\"widget\" data-widget_type=\"image.default\">\n\t\t\t\t<div class=\"elementor-widget-container\">\n\t\t\t\t\t\t\t\t\t\t\t\t\t\t\t<img decoding=\"async\" width=\"800\" height=\"466\" src=\"https:\/\/starwax.eu\/wp-content\/uploads\/2024\/07\/starwax_home-intro_mobile.webp\" class=\"attachment-large size-large wp-image-1931\" alt=\"\" srcset=\"https:\/\/starwax.eu\/wp-content\/uploads\/2024\/07\/starwax_home-intro_mobile.webp 1000w, https:\/\/starwax.eu\/wp-content\/uploads\/2024\/07\/starwax_home-intro_mobile-300x175.webp 300w, https:\/\/starwax.eu\/wp-content\/uploads\/2024\/07\/starwax_home-intro_mobile-768x448.webp 768w\" sizes=\"(max-width: 800px) 100vw, 800px\" \/>\t\t\t\t\t\t\t\t\t\t\t\t\t\t\t<\/div>\n\t\t\t\t<\/div>\n\t\t\t\t<div class=\"elementor-element elementor-element-c8faa01 elementor-widget elementor-widget-text-editor\" data-id=\"c8faa01\" data-element_type=\"widget\" data-e-type=\"widget\" data-widget_type=\"text-editor.default\">\n\t\t\t\t<div class=\"elementor-widget-container\">\n\t\t\t\t\t\t\t\t\t<p>Wij als liefhebbers van effici\u00ebntie geloven niet in alles-in-\u00e9\u00e9n producten. Dus hebben we voor elk probleem een oplossing samengesteld. Onderhoud en behoud van uw meubels, vloeren, apparaten, oppervlakken, ook de meest gevoelige, zowel binnens- als buitenshuis. Bij Starwax zijn de producten nauwkeurig, en op maat gemaakt om u de best mogelijke oplossing te bieden.<\/p>\n\t\t\t\t\t\t\t\t<\/div>\n\t\t\t\t<\/div>\n\t\t\t\t<\/div>\n\t\t<div class=\"elementor-element elementor-element-fb5fe92 e-con-full elementor-hidden-tablet elementor-hidden-mobile e-flex e-con e-child\" data-id=\"fb5fe92\" data-element_type=\"container\" data-e-type=\"container\">\n\t\t\t\t<div class=\"elementor-element elementor-element-f17ced5 elementor-widget elementor-widget-image\" data-id=\"f17ced5\" data-element_type=\"widget\" data-e-type=\"widget\" data-widget_type=\"image.default\">\n\t\t\t\t<div class=\"elementor-widget-container\">\n\t\t\t\t\t\t\t\t\t\t\t\t\t\t\t<img decoding=\"async\" width=\"781\" height=\"574\" src=\"https:\/\/starwax.eu\/wp-content\/uploads\/2024\/07\/starwax-home-intro-nl.webp\" class=\"attachment-large size-large wp-image-1963\" alt=\"\" srcset=\"https:\/\/starwax.eu\/wp-content\/uploads\/2024\/07\/starwax-home-intro-nl.webp 781w, https:\/\/starwax.eu\/wp-content\/uploads\/2024\/07\/starwax-home-intro-nl-300x220.webp 300w, https:\/\/starwax.eu\/wp-content\/uploads\/2024\/07\/starwax-home-intro-nl-768x564.webp 768w\" sizes=\"(max-width: 781px) 100vw, 781px\" \/>\t\t\t\t\t\t\t\t\t\t\t\t\t\t\t<\/div>\n\t\t\t\t<\/div>\n\t\t\t\t<\/div>\n\t\t\t\t<\/div>\n\t\t\t\t\t<\/div>\n\t\t\t\t<\/div>\n\t\t<div class=\"elementor-element elementor-element-1e04187 e-flex e-con-boxed e-con e-parent\" data-id=\"1e04187\" data-element_type=\"container\" data-e-type=\"container\">\n\t\t\t\t\t<div class=\"e-con-inner\">\n\t\t<div class=\"elementor-element elementor-element-f6b9257 e-con-full e-flex e-con e-child\" data-id=\"f6b9257\" data-element_type=\"container\" data-e-type=\"container\">\n\t\t<div class=\"elementor-element elementor-element-b980aeb e-con-full e-flex e-con e-child\" data-id=\"b980aeb\" data-element_type=\"container\" data-e-type=\"container\">\n\t\t\t\t<div class=\"elementor-element elementor-element-3cb0f83 elementor-widget elementor-widget-theme-site-logo elementor-widget-image\" data-id=\"3cb0f83\" data-element_type=\"widget\" data-e-type=\"widget\" data-widget_type=\"theme-site-logo.default\">\n\t\t\t\t<div class=\"elementor-widget-container\">\n\t\t\t\t\t\t\t\t\t\t\t<a href=\"https:\/\/starwax.eu\/nl\/\">\n\t\t\t<img loading=\"lazy\" decoding=\"async\" width=\"150\" height=\"61\" src=\"https:\/\/starwax.eu\/wp-content\/uploads\/2024\/06\/logo-starwax.svg\" class=\"attachment-full size-full wp-image-16\" alt=\"\" \/>\t\t\t\t<\/a>\n\t\t\t\t\t\t\t\t\t\t\t<\/div>\n\t\t\t\t<\/div>\n\t\t\t\t<div class=\"elementor-element elementor-element-daf7d40 elementor-widget elementor-widget-heading\" data-id=\"daf7d40\" data-element_type=\"widget\" data-e-type=\"widget\" data-widget_type=\"heading.default\">\n\t\t\t\t<div class=\"elementor-widget-container\">\n\t\t\t\t\t<h2 class=\"elementor-heading-title elementor-size-default\">Een Frans merk, zoals de naam al aangeeft!<\/h2>\t\t\t\t<\/div>\n\t\t\t\t<\/div>\n\t\t\t\t<div class=\"elementor-element elementor-element-a30aa78 elementor-widget elementor-widget-text-editor\" data-id=\"a30aa78\" data-element_type=\"widget\" data-e-type=\"widget\" data-widget_type=\"text-editor.default\">\n\t\t\t\t<div class=\"elementor-widget-container\">\n\t\t\t\t\t\t\t\t\t<p><strong>1946<\/strong> : De oorlog is voorbij. 2 broers wagen zich aan de vervaardiging van een was. Als eerbetoon aan Amerika die hen had bevrijd, cre\u00ebren ze het merk Starwax. Ontdek een samenvatting van meer dan 75 jaar expertise.<\/p>\n<p>Vanaf het idee tot de vervaardiging, we zijn bijna 150 mensen met passie (net zo geobsedeerd als u!) die werken aan het bedenken en ontwikkelen van uw producten. Starwax is sinds jaar en dag gevestigd in Noord-Frankrijk met een wetenschappelijk laboratorium en een fabriek in Noyelles-l\u00e8s-Seclin, in de buurt van Lille.<\/p>\n\t\t\t\t\t\t\t\t<\/div>\n\t\t\t\t<\/div>\n\t\t\t\t<\/div>\n\t\t<div class=\"elementor-element elementor-element-3f4bd53 e-con-full e-flex e-con e-child\" data-id=\"3f4bd53\" data-element_type=\"container\" data-e-type=\"container\">\n\t\t\t\t<div class=\"elementor-element elementor-element-dcb4fa2 elementor-widget elementor-widget-image\" data-id=\"dcb4fa2\" data-element_type=\"widget\" data-e-type=\"widget\" data-widget_type=\"image.default\">\n\t\t\t\t<div class=\"elementor-widget-container\">\n\t\t\t\t\t\t\t\t\t\t\t\t\t\t\t<img loading=\"lazy\" decoding=\"async\" width=\"787\" height=\"585\" src=\"https:\/\/starwax.eu\/wp-content\/uploads\/2024\/07\/starwax-a-propos-claim-2.webp\" class=\"attachment-full size-full wp-image-2037\" alt=\"\" srcset=\"https:\/\/starwax.eu\/wp-content\/uploads\/2024\/07\/starwax-a-propos-claim-2.webp 787w, https:\/\/starwax.eu\/wp-content\/uploads\/2024\/07\/starwax-a-propos-claim-2-300x223.webp 300w, https:\/\/starwax.eu\/wp-content\/uploads\/2024\/07\/starwax-a-propos-claim-2-768x571.webp 768w\" sizes=\"(max-width: 787px) 100vw, 787px\" \/>\t\t\t\t\t\t\t\t\t\t\t\t\t\t\t<\/div>\n\t\t\t\t<\/div>\n\t\t\t\t<\/div>\n\t\t\t\t<\/div>\n\t\t\t\t\t<\/div>\n\t\t\t\t<\/div>\n\t\t<div class=\"elementor-element elementor-element-897908c e-flex e-con-boxed e-con e-parent\" data-id=\"897908c\" data-element_type=\"container\" data-e-type=\"container\" data-settings=\"{&quot;background_background&quot;:&quot;classic&quot;}\">\n\t\t\t\t\t<div class=\"e-con-inner\">\n\t\t<div class=\"elementor-element elementor-element-7ac8963 e-con-full e-flex e-con e-child\" data-id=\"7ac8963\" data-element_type=\"container\" data-e-type=\"container\">\n\t\t<div class=\"elementor-element elementor-element-1a08dad e-con-full e-flex e-con e-child\" data-id=\"1a08dad\" data-element_type=\"container\" data-e-type=\"container\" data-settings=\"{&quot;background_background&quot;:&quot;classic&quot;}\">\n\t\t\t\t<\/div>\n\t\t<div class=\"elementor-element elementor-element-52fa577 e-con-full e-flex e-con e-child\" data-id=\"52fa577\" data-element_type=\"container\" data-e-type=\"container\">\n\t\t\t\t<div class=\"elementor-element elementor-element-85da1c0 elementor-widget elementor-widget-heading\" data-id=\"85da1c0\" data-element_type=\"widget\" data-e-type=\"widget\" data-widget_type=\"heading.default\">\n\t\t\t\t<div class=\"elementor-widget-container\">\n\t\t\t\t\t<h2 class=\"elementor-heading-title elementor-size-default\">Je bent veeleisend of je bent het niet<\/h2>\t\t\t\t<\/div>\n\t\t\t\t<\/div>\n\t\t\t\t<div class=\"elementor-element elementor-element-81198a6 elementor-widget elementor-widget-text-editor\" data-id=\"81198a6\" data-element_type=\"widget\" data-e-type=\"widget\" data-widget_type=\"text-editor.default\">\n\t\t\t\t<div class=\"elementor-widget-container\">\n\t\t\t\t\t\t\t\t\t<p>Bij Starwax streven we naar uitmuntendheid met onze formules, omdat we, net als u, houden van net werk.<\/p>\n<p>Daarom worden onze producten gemaakt met zorgvuldig geselecteerde grondstoffen. Bovendien worden ze getest en gecontroleerd door onze ingenieurs gedurende de hele productieketen, zelfs de producten die al heel lang bestaan.<\/p>\n\t\t\t\t\t\t\t\t<\/div>\n\t\t\t\t<\/div>\n\t\t\t\t<\/div>\n\t\t\t\t<\/div>\n\t\t\t\t\t<\/div>\n\t\t\t\t<\/div>\n\t\t<div class=\"elementor-element elementor-element-2549827 e-flex e-con-boxed e-con e-parent\" data-id=\"2549827\" data-element_type=\"container\" data-e-type=\"container\">\n\t\t\t\t\t<div class=\"e-con-inner\">\n\t\t<div class=\"elementor-element elementor-element-27c42bd e-con-full e-flex e-con e-child\" data-id=\"27c42bd\" data-element_type=\"container\" data-e-type=\"container\" data-settings=\"{&quot;background_background&quot;:&quot;classic&quot;}\">\n\t\t<div class=\"elementor-element elementor-element-65686ac e-con-full e-flex e-con e-child\" data-id=\"65686ac\" data-element_type=\"container\" data-e-type=\"container\">\n\t\t\t\t<div class=\"elementor-element elementor-element-8e530d9 elementor-widget elementor-widget-heading\" data-id=\"8e530d9\" data-element_type=\"widget\" data-e-type=\"widget\" data-widget_type=\"heading.default\">\n\t\t\t\t<div class=\"elementor-widget-container\">\n\t\t\t\t\t<h2 class=\"elementor-heading-title elementor-size-default\">Onze inzet voor een schonere wereld<\/h2>\t\t\t\t<\/div>\n\t\t\t\t<\/div>\n\t\t\t\t<div class=\"elementor-element elementor-element-1c2c464 elementor-widget__width-initial elementor-widget elementor-widget-text-editor\" data-id=\"1c2c464\" data-element_type=\"widget\" data-e-type=\"widget\" data-widget_type=\"text-editor.default\">\n\t\t\t\t<div class=\"elementor-widget-container\">\n\t\t\t\t\t\t\t\t\t<p>Bij Starwax staat het verkleinen van onze voetafdruk op het milieu centraal. Sinds enkele jaren hebben we veel initiatieven genomen en we proberen steeds meer te doen<\/p>\n\t\t\t\t\t\t\t\t<\/div>\n\t\t\t\t<\/div>\n\t\t\t\t<\/div>\n\t\t\t\t<\/div>\n\t\t\t\t\t<\/div>\n\t\t\t\t<\/div>\n\t\t\t\t<\/div>\n\t\t","protected":false},"excerpt":{"rendered":"<p>Starwax. voor wie perfectie wil. Bij Starwax maken we al sinds 1946 producten voor mensen zoals jij en ik. Mensen die geen genoegen nemen met middelmatigheid als het om schoon gaat. Mensen die denken dat een ondankbare taak geen reden is om overhaast te werk te gaan. Het schoonmaken van een huis is namelijk een [&hellip;]<\/p>\n","protected":false},"author":1,"featured_media":0,"parent":0,"menu_order":0,"comment_status":"closed","ping_status":"closed","template":"elementor_header_footer","meta":{"_acf_changed":false,"footnotes":""},"class_list":["post-2283","page","type-page","status-publish","hentry"],"acf":[],"yoast_head":"<!-- This site is optimized with the Yoast SEO plugin v27.3 - https:\/\/yoast.com\/product\/yoast-seo-wordpress\/ -->\n<title>Over Starwax - Starwax - Produits d&#039;entretien pour la maison<\/title>\n<meta name=\"robots\" content=\"index, follow, max-snippet:-1, max-image-preview:large, max-video-preview:-1\" \/>\n<link rel=\"canonical\" href=\"https:\/\/starwax.eu\/nl\/over-starwax\/\" \/>\n<meta property=\"og:locale\" content=\"nl_NL\" \/>\n<meta property=\"og:type\" content=\"article\" \/>\n<meta property=\"og:title\" content=\"Over Starwax - Starwax - Produits d&#039;entretien pour la maison\" \/>\n<meta property=\"og:description\" content=\"Starwax. voor wie perfectie wil. Bij Starwax maken we al sinds 1946 producten voor mensen zoals jij en ik. Mensen die geen genoegen nemen met middelmatigheid als het om schoon gaat. Mensen die denken dat een ondankbare taak geen reden is om overhaast te werk te gaan. Het schoonmaken van een huis is namelijk een [&hellip;]\" \/>\n<meta property=\"og:url\" content=\"https:\/\/starwax.eu\/nl\/over-starwax\/\" \/>\n<meta property=\"og:site_name\" content=\"Starwax - Produits d&#039;entretien pour la maison\" \/>\n<meta property=\"article:publisher\" content=\"https:\/\/www.facebook.com\/starwaxbe\" \/>\n<meta property=\"article:modified_time\" content=\"2024-11-07T17:18:57+00:00\" \/>\n<meta property=\"og:image\" content=\"https:\/\/starwax.eu\/wp-content\/uploads\/2024\/11\/a-propos-starwax_fr_nl-claim-01.webp\" \/>\n<meta name=\"twitter:card\" content=\"summary_large_image\" \/>\n<meta name=\"twitter:label1\" content=\"Geschatte leestijd\" \/>\n\t<meta name=\"twitter:data1\" content=\"4 minuten\" \/>\n<script type=\"application\/ld+json\" class=\"yoast-schema-graph\">{\"@context\":\"https:\\\/\\\/schema.org\",\"@graph\":[{\"@type\":\"WebPage\",\"@id\":\"https:\\\/\\\/starwax.eu\\\/nl\\\/over-starwax\\\/\",\"url\":\"https:\\\/\\\/starwax.eu\\\/nl\\\/over-starwax\\\/\",\"name\":\"Over Starwax - Starwax - Produits d&#039;entretien pour la maison\",\"isPartOf\":{\"@id\":\"https:\\\/\\\/starwax.eu\\\/nl\\\/#website\"},\"primaryImageOfPage\":{\"@id\":\"https:\\\/\\\/starwax.eu\\\/nl\\\/over-starwax\\\/#primaryimage\"},\"image\":{\"@id\":\"https:\\\/\\\/starwax.eu\\\/nl\\\/over-starwax\\\/#primaryimage\"},\"thumbnailUrl\":\"https:\\\/\\\/starwax.eu\\\/wp-content\\\/uploads\\\/2024\\\/11\\\/a-propos-starwax_fr_nl-claim-01.webp\",\"datePublished\":\"2024-07-17T08:27:26+00:00\",\"dateModified\":\"2024-11-07T17:18:57+00:00\",\"breadcrumb\":{\"@id\":\"https:\\\/\\\/starwax.eu\\\/nl\\\/over-starwax\\\/#breadcrumb\"},\"inLanguage\":\"nl-NL\",\"potentialAction\":[{\"@type\":\"ReadAction\",\"target\":[\"https:\\\/\\\/starwax.eu\\\/nl\\\/over-starwax\\\/\"]}]},{\"@type\":\"ImageObject\",\"inLanguage\":\"nl-NL\",\"@id\":\"https:\\\/\\\/starwax.eu\\\/nl\\\/over-starwax\\\/#primaryimage\",\"url\":\"https:\\\/\\\/starwax.eu\\\/wp-content\\\/uploads\\\/2024\\\/11\\\/a-propos-starwax_fr_nl-claim-01.webp\",\"contentUrl\":\"https:\\\/\\\/starwax.eu\\\/wp-content\\\/uploads\\\/2024\\\/11\\\/a-propos-starwax_fr_nl-claim-01.webp\"},{\"@type\":\"BreadcrumbList\",\"@id\":\"https:\\\/\\\/starwax.eu\\\/nl\\\/over-starwax\\\/#breadcrumb\",\"itemListElement\":[{\"@type\":\"ListItem\",\"position\":1,\"name\":\"Startpagina\",\"item\":\"https:\\\/\\\/starwax.eu\\\/nl\\\/\"},{\"@type\":\"ListItem\",\"position\":2,\"name\":\"Over Starwax\"}]},{\"@type\":\"WebSite\",\"@id\":\"https:\\\/\\\/starwax.eu\\\/nl\\\/#website\",\"url\":\"https:\\\/\\\/starwax.eu\\\/nl\\\/\",\"name\":\"Starwax - Produits d'entretien pour la maison\",\"description\":\"\",\"publisher\":{\"@id\":\"https:\\\/\\\/starwax.eu\\\/nl\\\/#organization\"},\"potentialAction\":[{\"@type\":\"SearchAction\",\"target\":{\"@type\":\"EntryPoint\",\"urlTemplate\":\"https:\\\/\\\/starwax.eu\\\/nl\\\/?s={search_term_string}\"},\"query-input\":{\"@type\":\"PropertyValueSpecification\",\"valueRequired\":true,\"valueName\":\"search_term_string\"}}],\"inLanguage\":\"nl-NL\"},{\"@type\":\"Organization\",\"@id\":\"https:\\\/\\\/starwax.eu\\\/nl\\\/#organization\",\"name\":\"Starwax - Produits d'entretien pour la maison\",\"url\":\"https:\\\/\\\/starwax.eu\\\/nl\\\/\",\"logo\":{\"@type\":\"ImageObject\",\"inLanguage\":\"nl-NL\",\"@id\":\"https:\\\/\\\/starwax.eu\\\/nl\\\/#\\\/schema\\\/logo\\\/image\\\/\",\"url\":\"https:\\\/\\\/starwax.eu\\\/wp-content\\\/uploads\\\/2024\\\/06\\\/logo-starwax.svg\",\"contentUrl\":\"https:\\\/\\\/starwax.eu\\\/wp-content\\\/uploads\\\/2024\\\/06\\\/logo-starwax.svg\",\"width\":150,\"height\":61,\"caption\":\"Starwax - Produits d'entretien pour la maison\"},\"image\":{\"@id\":\"https:\\\/\\\/starwax.eu\\\/nl\\\/#\\\/schema\\\/logo\\\/image\\\/\"},\"sameAs\":[\"https:\\\/\\\/www.facebook.com\\\/starwaxbe\"]}]}<\/script>\n<!-- \/ Yoast SEO plugin. -->","yoast_head_json":{"title":"Over Starwax - Starwax - Produits d&#039;entretien pour la maison","robots":{"index":"index","follow":"follow","max-snippet":"max-snippet:-1","max-image-preview":"max-image-preview:large","max-video-preview":"max-video-preview:-1"},"canonical":"https:\/\/starwax.eu\/nl\/over-starwax\/","og_locale":"nl_NL","og_type":"article","og_title":"Over Starwax - Starwax - Produits d&#039;entretien pour la maison","og_description":"Starwax. voor wie perfectie wil. Bij Starwax maken we al sinds 1946 producten voor mensen zoals jij en ik. Mensen die geen genoegen nemen met middelmatigheid als het om schoon gaat. Mensen die denken dat een ondankbare taak geen reden is om overhaast te werk te gaan. Het schoonmaken van een huis is namelijk een [&hellip;]","og_url":"https:\/\/starwax.eu\/nl\/over-starwax\/","og_site_name":"Starwax - Produits d&#039;entretien pour la maison","article_publisher":"https:\/\/www.facebook.com\/starwaxbe","article_modified_time":"2024-11-07T17:18:57+00:00","og_image":[{"url":"https:\/\/starwax.eu\/wp-content\/uploads\/2024\/11\/a-propos-starwax_fr_nl-claim-01.webp","type":"","width":"","height":""}],"twitter_card":"summary_large_image","twitter_misc":{"Geschatte leestijd":"4 minuten"},"schema":{"@context":"https:\/\/schema.org","@graph":[{"@type":"WebPage","@id":"https:\/\/starwax.eu\/nl\/over-starwax\/","url":"https:\/\/starwax.eu\/nl\/over-starwax\/","name":"Over Starwax - Starwax - Produits d&#039;entretien pour la maison","isPartOf":{"@id":"https:\/\/starwax.eu\/nl\/#website"},"primaryImageOfPage":{"@id":"https:\/\/starwax.eu\/nl\/over-starwax\/#primaryimage"},"image":{"@id":"https:\/\/starwax.eu\/nl\/over-starwax\/#primaryimage"},"thumbnailUrl":"https:\/\/starwax.eu\/wp-content\/uploads\/2024\/11\/a-propos-starwax_fr_nl-claim-01.webp","datePublished":"2024-07-17T08:27:26+00:00","dateModified":"2024-11-07T17:18:57+00:00","breadcrumb":{"@id":"https:\/\/starwax.eu\/nl\/over-starwax\/#breadcrumb"},"inLanguage":"nl-NL","potentialAction":[{"@type":"ReadAction","target":["https:\/\/starwax.eu\/nl\/over-starwax\/"]}]},{"@type":"ImageObject","inLanguage":"nl-NL","@id":"https:\/\/starwax.eu\/nl\/over-starwax\/#primaryimage","url":"https:\/\/starwax.eu\/wp-content\/uploads\/2024\/11\/a-propos-starwax_fr_nl-claim-01.webp","contentUrl":"https:\/\/starwax.eu\/wp-content\/uploads\/2024\/11\/a-propos-starwax_fr_nl-claim-01.webp"},{"@type":"BreadcrumbList","@id":"https:\/\/starwax.eu\/nl\/over-starwax\/#breadcrumb","itemListElement":[{"@type":"ListItem","position":1,"name":"Startpagina","item":"https:\/\/starwax.eu\/nl\/"},{"@type":"ListItem","position":2,"name":"Over Starwax"}]},{"@type":"WebSite","@id":"https:\/\/starwax.eu\/nl\/#website","url":"https:\/\/starwax.eu\/nl\/","name":"Starwax - Produits d'entretien pour la maison","description":"","publisher":{"@id":"https:\/\/starwax.eu\/nl\/#organization"},"potentialAction":[{"@type":"SearchAction","target":{"@type":"EntryPoint","urlTemplate":"https:\/\/starwax.eu\/nl\/?s={search_term_string}"},"query-input":{"@type":"PropertyValueSpecification","valueRequired":true,"valueName":"search_term_string"}}],"inLanguage":"nl-NL"},{"@type":"Organization","@id":"https:\/\/starwax.eu\/nl\/#organization","name":"Starwax - Produits d'entretien pour la maison","url":"https:\/\/starwax.eu\/nl\/","logo":{"@type":"ImageObject","inLanguage":"nl-NL","@id":"https:\/\/starwax.eu\/nl\/#\/schema\/logo\/image\/","url":"https:\/\/starwax.eu\/wp-content\/uploads\/2024\/06\/logo-starwax.svg","contentUrl":"https:\/\/starwax.eu\/wp-content\/uploads\/2024\/06\/logo-starwax.svg","width":150,"height":61,"caption":"Starwax - Produits d'entretien pour la maison"},"image":{"@id":"https:\/\/starwax.eu\/nl\/#\/schema\/logo\/image\/"},"sameAs":["https:\/\/www.facebook.com\/starwaxbe"]}]}},"_links":{"self":[{"href":"https:\/\/starwax.eu\/nl\/wp-json\/wp\/v2\/pages\/2283","targetHints":{"allow":["GET"]}}],"collection":[{"href":"https:\/\/starwax.eu\/nl\/wp-json\/wp\/v2\/pages"}],"about":[{"href":"https:\/\/starwax.eu\/nl\/wp-json\/wp\/v2\/types\/page"}],"author":[{"embeddable":true,"href":"https:\/\/starwax.eu\/nl\/wp-json\/wp\/v2\/users\/1"}],"replies":[{"embeddable":true,"href":"https:\/\/starwax.eu\/nl\/wp-json\/wp\/v2\/comments?post=2283"}],"version-history":[{"count":0,"href":"https:\/\/starwax.eu\/nl\/wp-json\/wp\/v2\/pages\/2283\/revisions"}],"wp:attachment":[{"href":"https:\/\/starwax.eu\/nl\/wp-json\/wp\/v2\/media?parent=2283"}],"curies":[{"name":"wp","href":"https:\/\/api.w.org\/{rel}","templated":true}]}}