{"id":643,"date":"2024-07-17T10:28:02","date_gmt":"2024-07-17T08:28:02","guid":{"rendered":"https:\/\/starwax.eu\/?page_id=643"},"modified":"2025-02-07T12:18:37","modified_gmt":"2025-02-07T11:18:37","slug":"faq","status":"publish","type":"page","link":"https:\/\/starwax.eu\/fr-be\/faq\/","title":{"rendered":"FAQ"},"content":{"rendered":"\t\t<div data-elementor-type=\"wp-page\" data-elementor-id=\"643\" class=\"elementor elementor-643\" data-elementor-post-type=\"page\">\n\t\t\t\t<div class=\"elementor-element elementor-element-eed86ec e-flex e-con-boxed e-con e-parent\" data-id=\"eed86ec\" data-element_type=\"container\" data-e-type=\"container\">\n\t\t\t\t\t<div class=\"e-con-inner\">\n\t\t\t\t<div class=\"elementor-element elementor-element-fd374cd elementor-widget elementor-widget-breadcrumbs\" data-id=\"fd374cd\" data-element_type=\"widget\" data-e-type=\"widget\" data-widget_type=\"breadcrumbs.default\">\n\t\t\t\t<div class=\"elementor-widget-container\">\n\t\t\t\t\t<p id=\"breadcrumbs\"><span><span><a href=\"https:\/\/starwax.eu\/fr-be\/\">Accueil<\/a><\/span><\/span><\/p>\t\t\t\t<\/div>\n\t\t\t\t<\/div>\n\t\t\t\t\t<\/div>\n\t\t\t\t<\/div>\n\t\t<div class=\"elementor-element elementor-element-67bc0f5 e-flex e-con-boxed e-con e-parent\" data-id=\"67bc0f5\" data-element_type=\"container\" data-e-type=\"container\">\n\t\t\t\t\t<div class=\"e-con-inner\">\n\t\t<div class=\"elementor-element elementor-element-e0da1fc e-con-full e-flex e-con e-child\" data-id=\"e0da1fc\" data-element_type=\"container\" data-e-type=\"container\" data-settings=\"{&quot;background_background&quot;:&quot;classic&quot;}\">\n\t\t\t\t<div class=\"elementor-element elementor-element-a23cda4 elementor-widget elementor-widget-heading\" data-id=\"a23cda4\" data-element_type=\"widget\" data-e-type=\"widget\" data-widget_type=\"heading.default\">\n\t\t\t\t<div class=\"elementor-widget-container\">\n\t\t\t\t\t<h1 class=\"elementor-heading-title elementor-size-default\">FAQ<\/h1>\t\t\t\t<\/div>\n\t\t\t\t<\/div>\n\t\t\t\t<div class=\"elementor-element elementor-element-f649776 elementor-widget__width-initial elementor-widget elementor-widget-text-editor\" data-id=\"f649776\" data-element_type=\"widget\" data-e-type=\"widget\" data-widget_type=\"text-editor.default\">\n\t\t\t\t<div class=\"elementor-widget-container\">\n\t\t\t\t\t\t\t\t\t<p>Trouvez la r\u00e9ponse \u00e0 vos questions dans notre foire aux questions<\/p>\t\t\t\t\t\t\t\t<\/div>\n\t\t\t\t<\/div>\n\t\t\t\t<\/div>\n\t\t\t\t\t<\/div>\n\t\t\t\t<\/div>\n\t\t<div class=\"elementor-element elementor-element-b87b19c e-flex e-con-boxed e-con e-parent\" data-id=\"b87b19c\" data-element_type=\"container\" data-e-type=\"container\">\n\t\t\t\t\t<div class=\"e-con-inner\">\n\t\t\t\t<div class=\"elementor-element elementor-element-0a659d4 elementor-widget elementor-widget-n-accordion\" data-id=\"0a659d4\" data-element_type=\"widget\" data-e-type=\"widget\" data-settings=\"{&quot;default_state&quot;:&quot;all_collapsed&quot;,&quot;n_accordion_animation_duration&quot;:{&quot;unit&quot;:&quot;ms&quot;,&quot;size&quot;:350,&quot;sizes&quot;:[]},&quot;max_items_expended&quot;:&quot;one&quot;}\" data-widget_type=\"nested-accordion.default\">\n\t\t\t\t<div class=\"elementor-widget-container\">\n\t\t\t\t\t\t\t<div class=\"e-n-accordion\" aria-label=\"Accordion. Open links with Enter or Space, close with Escape, and navigate with Arrow Keys\">\n\t\t\t\t\t\t<details id=\"e-n-accordion-item-1090\" class=\"e-n-accordion-item\" >\n\t\t\t\t<summary class=\"e-n-accordion-item-title\" data-accordion-index=\"1\" tabindex=\"0\" aria-expanded=\"false\" aria-controls=\"e-n-accordion-item-1090\" >\n\t\t\t\t\t<span class='e-n-accordion-item-title-header'><div class=\"e-n-accordion-item-title-text\"> Vous recherchez une fiche de donn\u00e9es de s\u00e9curit\u00e9 ? <\/div><\/span>\n\t\t\t\t\t\t\t<span class='e-n-accordion-item-title-icon'>\n\t\t\t<span class='e-opened' ><svg xmlns=\"http:\/\/www.w3.org\/2000\/svg\" width=\"4.716\" height=\"1.116\" viewBox=\"0 0 4.716 1.116\"><path id=\"minus-starwaxeu\" d=\"M1.08-4.32H5.8V-5.436H1.08Z\" transform=\"translate(-1.08 5.436)\" fill=\"#1b2c4c\"><\/path><\/svg><\/span>\n\t\t\t<span class='e-closed'><svg xmlns=\"http:\/\/www.w3.org\/2000\/svg\" width=\"7.83\" height=\"7.632\" viewBox=\"0 0 7.83 7.632\"><path id=\"plus-starwaxeu\" d=\"M9.09-6.822H5.742v-3.294H4.608v3.294H1.26V-5.76H4.608v3.276H5.742V-5.76H9.09Z\" transform=\"translate(-1.26 10.116)\" fill=\"#1b2c4c\"><\/path><\/svg><\/span>\n\t\t<\/span>\n\n\t\t\t\t\t\t<\/summary>\n\t\t\t\t<div role=\"region\" aria-labelledby=\"e-n-accordion-item-1090\" class=\"elementor-element elementor-element-887a071 e-con-full e-flex e-con e-child\" data-id=\"887a071\" data-element_type=\"container\" data-e-type=\"container\">\n\t\t\t\t<div class=\"elementor-element elementor-element-eab7729 elementor-widget elementor-widget-text-editor\" data-id=\"eab7729\" data-element_type=\"widget\" data-e-type=\"widget\" data-widget_type=\"text-editor.default\">\n\t\t\t\t<div class=\"elementor-widget-container\">\n\t\t\t\t\t\t\t\t\t<p>Vous pouvez consultez les fiches de donn\u00e9es de s\u00e9curit\u00e9 des produits Starwax sur le site QuickFDS. S\u00e9lectionnez le nom de fournisseur \u00ab Brunel \u00bb.<\/p><p>Nos donn\u00e9es de s\u00e9curit\u00e9 sont \u00e9galement disponible en cliquant sur le lien \u00ab\u00a0Fiche de s\u00e9curit\u00e9\u00a0\u00bb pr\u00e9sent sur nos pages produits de ce site.<\/p>\t\t\t\t\t\t\t\t<\/div>\n\t\t\t\t<\/div>\n\t\t\t\t<\/div>\n\t\t\t\t\t<\/details>\n\t\t\t\t\t\t<details id=\"e-n-accordion-item-1091\" class=\"e-n-accordion-item\" >\n\t\t\t\t<summary class=\"e-n-accordion-item-title\" data-accordion-index=\"2\" tabindex=\"-1\" aria-expanded=\"false\" aria-controls=\"e-n-accordion-item-1091\" >\n\t\t\t\t\t<span class='e-n-accordion-item-title-header'><div class=\"e-n-accordion-item-title-text\"> Vous cherchez un distributeur Starwax proche de chez vous ? <\/div><\/span>\n\t\t\t\t\t\t\t<span class='e-n-accordion-item-title-icon'>\n\t\t\t<span class='e-opened' ><svg xmlns=\"http:\/\/www.w3.org\/2000\/svg\" width=\"4.716\" height=\"1.116\" viewBox=\"0 0 4.716 1.116\"><path id=\"minus-starwaxeu\" d=\"M1.08-4.32H5.8V-5.436H1.08Z\" transform=\"translate(-1.08 5.436)\" fill=\"#1b2c4c\"><\/path><\/svg><\/span>\n\t\t\t<span class='e-closed'><svg xmlns=\"http:\/\/www.w3.org\/2000\/svg\" width=\"7.83\" height=\"7.632\" viewBox=\"0 0 7.83 7.632\"><path id=\"plus-starwaxeu\" d=\"M9.09-6.822H5.742v-3.294H4.608v3.294H1.26V-5.76H4.608v3.276H5.742V-5.76H9.09Z\" transform=\"translate(-1.26 10.116)\" fill=\"#1b2c4c\"><\/path><\/svg><\/span>\n\t\t<\/span>\n\n\t\t\t\t\t\t<\/summary>\n\t\t\t\t<div role=\"region\" aria-labelledby=\"e-n-accordion-item-1091\" class=\"elementor-element elementor-element-c28f708 e-con-full e-flex e-con e-child\" data-id=\"c28f708\" data-element_type=\"container\" data-e-type=\"container\">\n\t\t\t\t<div class=\"elementor-element elementor-element-b7062c0 elementor-widget elementor-widget-text-editor\" data-id=\"b7062c0\" data-element_type=\"widget\" data-e-type=\"widget\" data-widget_type=\"text-editor.default\">\n\t\t\t\t<div class=\"elementor-widget-container\">\n\t\t\t\t\t\t\t\t\t<p>Les produits Starwax sont vendus dans les magasins de bricolage et les drogueries de centre-ville. Trouvez le magasin le plus proche de chez vous sur notre page distributeurs :<\/p>\t\t\t\t\t\t\t\t<\/div>\n\t\t\t\t<\/div>\n\t\t\t\t<div class=\"elementor-element elementor-element-2c8b7b7 elementor-widget elementor-widget-button\" data-id=\"2c8b7b7\" data-element_type=\"widget\" data-e-type=\"widget\" data-widget_type=\"button.default\">\n\t\t\t\t<div class=\"elementor-widget-container\">\n\t\t\t\t\t\t\t\t\t<div class=\"elementor-button-wrapper\">\n\t\t\t\t\t<a class=\"elementor-button elementor-button-link elementor-size-sm\" href=\"https:\/\/starwax.eu\/fr-be\/les-distributeurs\/\">\n\t\t\t\t\t\t<span class=\"elementor-button-content-wrapper\">\n\t\t\t\t\t\t\t\t\t<span class=\"elementor-button-text\">Trouver un distributeur<\/span>\n\t\t\t\t\t<\/span>\n\t\t\t\t\t<\/a>\n\t\t\t\t<\/div>\n\t\t\t\t\t\t\t\t<\/div>\n\t\t\t\t<\/div>\n\t\t\t\t<\/div>\n\t\t\t\t\t<\/details>\n\t\t\t\t\t\t<details id=\"e-n-accordion-item-1092\" class=\"e-n-accordion-item\" >\n\t\t\t\t<summary class=\"e-n-accordion-item-title\" data-accordion-index=\"3\" tabindex=\"-1\" aria-expanded=\"false\" aria-controls=\"e-n-accordion-item-1092\" >\n\t\t\t\t\t<span class='e-n-accordion-item-title-header'><div class=\"e-n-accordion-item-title-text\"> Vous \u00eates journaliste et vous recherchez un contact presse ? <\/div><\/span>\n\t\t\t\t\t\t\t<span class='e-n-accordion-item-title-icon'>\n\t\t\t<span class='e-opened' ><svg xmlns=\"http:\/\/www.w3.org\/2000\/svg\" width=\"4.716\" height=\"1.116\" viewBox=\"0 0 4.716 1.116\"><path id=\"minus-starwaxeu\" d=\"M1.08-4.32H5.8V-5.436H1.08Z\" transform=\"translate(-1.08 5.436)\" fill=\"#1b2c4c\"><\/path><\/svg><\/span>\n\t\t\t<span class='e-closed'><svg xmlns=\"http:\/\/www.w3.org\/2000\/svg\" width=\"7.83\" height=\"7.632\" viewBox=\"0 0 7.83 7.632\"><path id=\"plus-starwaxeu\" d=\"M9.09-6.822H5.742v-3.294H4.608v3.294H1.26V-5.76H4.608v3.276H5.742V-5.76H9.09Z\" transform=\"translate(-1.26 10.116)\" fill=\"#1b2c4c\"><\/path><\/svg><\/span>\n\t\t<\/span>\n\n\t\t\t\t\t\t<\/summary>\n\t\t\t\t<div role=\"region\" aria-labelledby=\"e-n-accordion-item-1092\" class=\"elementor-element elementor-element-d989cf2 e-con-full e-flex e-con e-child\" data-id=\"d989cf2\" data-element_type=\"container\" data-e-type=\"container\">\n\t\t\t\t<div class=\"elementor-element elementor-element-f8947da elementor-widget elementor-widget-text-editor\" data-id=\"f8947da\" data-element_type=\"widget\" data-e-type=\"widget\" data-widget_type=\"text-editor.default\">\n\t\t\t\t<div class=\"elementor-widget-container\">\n\t\t\t\t\t\t\t\t\t<p>Vous pouvez contacter directement la personne en charge des relations presse via notre page contact :<\/p>\t\t\t\t\t\t\t\t<\/div>\n\t\t\t\t<\/div>\n\t\t\t\t<div class=\"elementor-element elementor-element-b5ee4ca elementor-widget elementor-widget-button\" data-id=\"b5ee4ca\" data-element_type=\"widget\" data-e-type=\"widget\" data-widget_type=\"button.default\">\n\t\t\t\t<div class=\"elementor-widget-container\">\n\t\t\t\t\t\t\t\t\t<div class=\"elementor-button-wrapper\">\n\t\t\t\t\t<a class=\"elementor-button elementor-button-link elementor-size-sm\" href=\"https:\/\/starwax.eu\/fr-be\/contact\/\">\n\t\t\t\t\t\t<span class=\"elementor-button-content-wrapper\">\n\t\t\t\t\t\t\t\t\t<span class=\"elementor-button-text\">Contact<\/span>\n\t\t\t\t\t<\/span>\n\t\t\t\t\t<\/a>\n\t\t\t\t<\/div>\n\t\t\t\t\t\t\t\t<\/div>\n\t\t\t\t<\/div>\n\t\t\t\t<\/div>\n\t\t\t\t\t<\/details>\n\t\t\t\t\t<\/div>\n\t\t\t\t\t\t<\/div>\n\t\t\t\t<\/div>\n\t\t\t\t\t<\/div>\n\t\t\t\t<\/div>\n\t\t\t\t<\/div>\n\t\t","protected":false},"excerpt":{"rendered":"<p>FAQ Trouvez la r\u00e9ponse \u00e0 vos questions dans notre foire aux questions Vous recherchez une fiche de donn\u00e9es de s\u00e9curit\u00e9 ? Vous pouvez consultez les fiches de donn\u00e9es de s\u00e9curit\u00e9 des produits Starwax sur le site QuickFDS. S\u00e9lectionnez le nom de fournisseur \u00ab Brunel \u00bb. Nos donn\u00e9es de s\u00e9curit\u00e9 sont \u00e9galement disponible en cliquant sur [&hellip;]<\/p>\n","protected":false},"author":1,"featured_media":0,"parent":0,"menu_order":0,"comment_status":"closed","ping_status":"closed","template":"elementor_header_footer","meta":{"_acf_changed":false,"footnotes":""},"class_list":["post-643","page","type-page","status-publish","hentry"],"acf":[],"yoast_head":"<!-- This site is optimized with the Yoast SEO plugin v27.3 - https:\/\/yoast.com\/product\/yoast-seo-wordpress\/ -->\n<title>FAQ - Starwax - Produits d&#039;entretien pour la maison<\/title>\n<meta name=\"robots\" content=\"index, follow, max-snippet:-1, max-image-preview:large, max-video-preview:-1\" \/>\n<link rel=\"canonical\" href=\"https:\/\/starwax.eu\/fr-be\/faq\/\" \/>\n<meta property=\"og:locale\" content=\"fr_FR\" \/>\n<meta property=\"og:type\" content=\"article\" \/>\n<meta property=\"og:title\" content=\"FAQ - Starwax - Produits d&#039;entretien pour la maison\" \/>\n<meta property=\"og:description\" content=\"FAQ Trouvez la r\u00e9ponse \u00e0 vos questions dans notre foire aux questions Vous recherchez une fiche de donn\u00e9es de s\u00e9curit\u00e9 ? Vous pouvez consultez les fiches de donn\u00e9es de s\u00e9curit\u00e9 des produits Starwax sur le site QuickFDS. S\u00e9lectionnez le nom de fournisseur \u00ab Brunel \u00bb. Nos donn\u00e9es de s\u00e9curit\u00e9 sont \u00e9galement disponible en cliquant sur [&hellip;]\" \/>\n<meta property=\"og:url\" content=\"https:\/\/starwax.eu\/fr-be\/faq\/\" \/>\n<meta property=\"og:site_name\" content=\"Starwax - Produits d&#039;entretien pour la maison\" \/>\n<meta property=\"article:publisher\" content=\"https:\/\/www.facebook.com\/starwaxbe\" \/>\n<meta property=\"article:modified_time\" content=\"2025-02-07T11:18:37+00:00\" \/>\n<meta name=\"twitter:card\" content=\"summary_large_image\" \/>\n<meta name=\"twitter:label1\" content=\"Dur\u00e9e de lecture est.\" \/>\n\t<meta name=\"twitter:data1\" content=\"2 minutes\" \/>\n<script type=\"application\/ld+json\" class=\"yoast-schema-graph\">{\"@context\":\"https:\\\/\\\/schema.org\",\"@graph\":[{\"@type\":\"WebPage\",\"@id\":\"https:\\\/\\\/starwax.eu\\\/fr-be\\\/faq\\\/\",\"url\":\"https:\\\/\\\/starwax.eu\\\/fr-be\\\/faq\\\/\",\"name\":\"FAQ - Starwax - Produits d&#039;entretien pour la maison\",\"isPartOf\":{\"@id\":\"https:\\\/\\\/starwax.eu\\\/fr-be\\\/#website\"},\"datePublished\":\"2024-07-17T08:28:02+00:00\",\"dateModified\":\"2025-02-07T11:18:37+00:00\",\"breadcrumb\":{\"@id\":\"https:\\\/\\\/starwax.eu\\\/fr-be\\\/faq\\\/#breadcrumb\"},\"inLanguage\":\"fr-BE\",\"potentialAction\":[{\"@type\":\"ReadAction\",\"target\":[\"https:\\\/\\\/starwax.eu\\\/fr-be\\\/faq\\\/\"]}]},{\"@type\":\"BreadcrumbList\",\"@id\":\"https:\\\/\\\/starwax.eu\\\/fr-be\\\/faq\\\/#breadcrumb\",\"itemListElement\":[{\"@type\":\"ListItem\",\"position\":1,\"name\":\"Accueil\",\"item\":\"https:\\\/\\\/starwax.eu\\\/fr-be\\\/\"},{\"@type\":\"ListItem\",\"position\":2,\"name\":\"FAQ\"}]},{\"@type\":\"WebSite\",\"@id\":\"https:\\\/\\\/starwax.eu\\\/fr-be\\\/#website\",\"url\":\"https:\\\/\\\/starwax.eu\\\/fr-be\\\/\",\"name\":\"Starwax - Produits d'entretien pour la maison\",\"description\":\"\",\"publisher\":{\"@id\":\"https:\\\/\\\/starwax.eu\\\/fr-be\\\/#organization\"},\"potentialAction\":[{\"@type\":\"SearchAction\",\"target\":{\"@type\":\"EntryPoint\",\"urlTemplate\":\"https:\\\/\\\/starwax.eu\\\/fr-be\\\/?s={search_term_string}\"},\"query-input\":{\"@type\":\"PropertyValueSpecification\",\"valueRequired\":true,\"valueName\":\"search_term_string\"}}],\"inLanguage\":\"fr-BE\"},{\"@type\":\"Organization\",\"@id\":\"https:\\\/\\\/starwax.eu\\\/fr-be\\\/#organization\",\"name\":\"Starwax - Produits d'entretien pour la maison\",\"url\":\"https:\\\/\\\/starwax.eu\\\/fr-be\\\/\",\"logo\":{\"@type\":\"ImageObject\",\"inLanguage\":\"fr-BE\",\"@id\":\"https:\\\/\\\/starwax.eu\\\/fr-be\\\/#\\\/schema\\\/logo\\\/image\\\/\",\"url\":\"https:\\\/\\\/starwax.eu\\\/wp-content\\\/uploads\\\/2024\\\/06\\\/logo-starwax.svg\",\"contentUrl\":\"https:\\\/\\\/starwax.eu\\\/wp-content\\\/uploads\\\/2024\\\/06\\\/logo-starwax.svg\",\"width\":150,\"height\":61,\"caption\":\"Starwax - Produits d'entretien pour la maison\"},\"image\":{\"@id\":\"https:\\\/\\\/starwax.eu\\\/fr-be\\\/#\\\/schema\\\/logo\\\/image\\\/\"},\"sameAs\":[\"https:\\\/\\\/www.facebook.com\\\/starwaxbe\"]}]}<\/script>\n<!-- \/ Yoast SEO plugin. -->","yoast_head_json":{"title":"FAQ - Starwax - Produits d&#039;entretien pour la maison","robots":{"index":"index","follow":"follow","max-snippet":"max-snippet:-1","max-image-preview":"max-image-preview:large","max-video-preview":"max-video-preview:-1"},"canonical":"https:\/\/starwax.eu\/fr-be\/faq\/","og_locale":"fr_FR","og_type":"article","og_title":"FAQ - Starwax - Produits d&#039;entretien pour la maison","og_description":"FAQ Trouvez la r\u00e9ponse \u00e0 vos questions dans notre foire aux questions Vous recherchez une fiche de donn\u00e9es de s\u00e9curit\u00e9 ? Vous pouvez consultez les fiches de donn\u00e9es de s\u00e9curit\u00e9 des produits Starwax sur le site QuickFDS. S\u00e9lectionnez le nom de fournisseur \u00ab Brunel \u00bb. Nos donn\u00e9es de s\u00e9curit\u00e9 sont \u00e9galement disponible en cliquant sur [&hellip;]","og_url":"https:\/\/starwax.eu\/fr-be\/faq\/","og_site_name":"Starwax - Produits d&#039;entretien pour la maison","article_publisher":"https:\/\/www.facebook.com\/starwaxbe","article_modified_time":"2025-02-07T11:18:37+00:00","twitter_card":"summary_large_image","twitter_misc":{"Dur\u00e9e de lecture est.":"2 minutes"},"schema":{"@context":"https:\/\/schema.org","@graph":[{"@type":"WebPage","@id":"https:\/\/starwax.eu\/fr-be\/faq\/","url":"https:\/\/starwax.eu\/fr-be\/faq\/","name":"FAQ - Starwax - Produits d&#039;entretien pour la maison","isPartOf":{"@id":"https:\/\/starwax.eu\/fr-be\/#website"},"datePublished":"2024-07-17T08:28:02+00:00","dateModified":"2025-02-07T11:18:37+00:00","breadcrumb":{"@id":"https:\/\/starwax.eu\/fr-be\/faq\/#breadcrumb"},"inLanguage":"fr-BE","potentialAction":[{"@type":"ReadAction","target":["https:\/\/starwax.eu\/fr-be\/faq\/"]}]},{"@type":"BreadcrumbList","@id":"https:\/\/starwax.eu\/fr-be\/faq\/#breadcrumb","itemListElement":[{"@type":"ListItem","position":1,"name":"Accueil","item":"https:\/\/starwax.eu\/fr-be\/"},{"@type":"ListItem","position":2,"name":"FAQ"}]},{"@type":"WebSite","@id":"https:\/\/starwax.eu\/fr-be\/#website","url":"https:\/\/starwax.eu\/fr-be\/","name":"Starwax - Produits d'entretien pour la maison","description":"","publisher":{"@id":"https:\/\/starwax.eu\/fr-be\/#organization"},"potentialAction":[{"@type":"SearchAction","target":{"@type":"EntryPoint","urlTemplate":"https:\/\/starwax.eu\/fr-be\/?s={search_term_string}"},"query-input":{"@type":"PropertyValueSpecification","valueRequired":true,"valueName":"search_term_string"}}],"inLanguage":"fr-BE"},{"@type":"Organization","@id":"https:\/\/starwax.eu\/fr-be\/#organization","name":"Starwax - Produits d'entretien pour la maison","url":"https:\/\/starwax.eu\/fr-be\/","logo":{"@type":"ImageObject","inLanguage":"fr-BE","@id":"https:\/\/starwax.eu\/fr-be\/#\/schema\/logo\/image\/","url":"https:\/\/starwax.eu\/wp-content\/uploads\/2024\/06\/logo-starwax.svg","contentUrl":"https:\/\/starwax.eu\/wp-content\/uploads\/2024\/06\/logo-starwax.svg","width":150,"height":61,"caption":"Starwax - Produits d'entretien pour la maison"},"image":{"@id":"https:\/\/starwax.eu\/fr-be\/#\/schema\/logo\/image\/"},"sameAs":["https:\/\/www.facebook.com\/starwaxbe"]}]}},"_links":{"self":[{"href":"https:\/\/starwax.eu\/fr-be\/wp-json\/wp\/v2\/pages\/643","targetHints":{"allow":["GET"]}}],"collection":[{"href":"https:\/\/starwax.eu\/fr-be\/wp-json\/wp\/v2\/pages"}],"about":[{"href":"https:\/\/starwax.eu\/fr-be\/wp-json\/wp\/v2\/types\/page"}],"author":[{"embeddable":true,"href":"https:\/\/starwax.eu\/fr-be\/wp-json\/wp\/v2\/users\/1"}],"replies":[{"embeddable":true,"href":"https:\/\/starwax.eu\/fr-be\/wp-json\/wp\/v2\/comments?post=643"}],"version-history":[{"count":1,"href":"https:\/\/starwax.eu\/fr-be\/wp-json\/wp\/v2\/pages\/643\/revisions"}],"predecessor-version":[{"id":13223,"href":"https:\/\/starwax.eu\/fr-be\/wp-json\/wp\/v2\/pages\/643\/revisions\/13223"}],"wp:attachment":[{"href":"https:\/\/starwax.eu\/fr-be\/wp-json\/wp\/v2\/media?parent=643"}],"curies":[{"name":"wp","href":"https:\/\/api.w.org\/{rel}","templated":true}]}}