{"id":2281,"date":"2024-07-17T10:27:26","date_gmt":"2024-07-17T08:27:26","guid":{"rendered":"https:\/\/starwax.eu\/acerca-de-starwax\/"},"modified":"2024-11-07T18:55:26","modified_gmt":"2024-11-07T17:55:26","slug":"acerca-de-starwax","status":"publish","type":"page","link":"https:\/\/starwax.eu\/es\/acerca-de-starwax\/","title":{"rendered":"Acerca de Starwax"},"content":{"rendered":"\t\t<div data-elementor-type=\"wp-page\" data-elementor-id=\"2281\" class=\"elementor elementor-2281 elementor-639\" data-elementor-post-type=\"page\">\n\t\t\t\t<div class=\"elementor-element elementor-element-f952384 e-flex e-con-boxed e-con e-parent\" data-id=\"f952384\" data-element_type=\"container\" data-e-type=\"container\">\n\t\t\t\t\t<div class=\"e-con-inner\">\n\t\t\t\t<div class=\"elementor-element elementor-element-e72fe07 elementor-widget elementor-widget-breadcrumbs\" data-id=\"e72fe07\" data-element_type=\"widget\" data-e-type=\"widget\" data-widget_type=\"breadcrumbs.default\">\n\t\t\t\t<div class=\"elementor-widget-container\">\n\t\t\t\t\t<p id=\"breadcrumbs\"><span><span><a href=\"https:\/\/starwax.eu\/es\/\">Inicio<\/a><\/span><\/span><\/p>\t\t\t\t<\/div>\n\t\t\t\t<\/div>\n\t\t\t\t\t<\/div>\n\t\t\t\t<\/div>\n\t\t<div class=\"elementor-element elementor-element-26cbdb5 e-flex e-con-boxed e-con e-parent\" data-id=\"26cbdb5\" data-element_type=\"container\" data-e-type=\"container\">\n\t\t\t\t\t<div class=\"e-con-inner\">\n\t\t<div class=\"elementor-element elementor-element-c9faa65 e-con-full e-flex e-con e-child\" data-id=\"c9faa65\" data-element_type=\"container\" data-e-type=\"container\" data-settings=\"{&quot;background_background&quot;:&quot;classic&quot;}\">\n\t\t\t\t<div class=\"elementor-element elementor-element-30d6c5b elementor-widget elementor-widget-heading\" data-id=\"30d6c5b\" data-element_type=\"widget\" data-e-type=\"widget\" data-widget_type=\"heading.default\">\n\t\t\t\t<div class=\"elementor-widget-container\">\n\t\t\t\t\t<h1 class=\"elementor-heading-title elementor-size-default\">Starwax.<br>\nTan mani\u00e1tico como tu.<\/h1>\t\t\t\t<\/div>\n\t\t\t\t<\/div>\n\t\t\t\t<\/div>\n\t\t\t\t\t<\/div>\n\t\t\t\t<\/div>\n\t\t<div class=\"elementor-element elementor-element-c271af5 e-flex e-con-boxed e-con e-parent\" data-id=\"c271af5\" data-element_type=\"container\" data-e-type=\"container\">\n\t\t\t\t\t<div class=\"e-con-inner\">\n\t\t\t\t<div class=\"elementor-element elementor-element-9bdf706 elementor-widget elementor-widget-heading\" data-id=\"9bdf706\" data-element_type=\"widget\" data-e-type=\"widget\" data-widget_type=\"heading.default\">\n\t\t\t\t<div class=\"elementor-widget-container\">\n\t\t\t\t\t<h2 class=\"elementor-heading-title elementor-size-default\">En Starwax creamos productos para personas como nosotros desde 1946.<\/h2>\t\t\t\t<\/div>\n\t\t\t\t<\/div>\n\t\t<div class=\"elementor-element elementor-element-707abd3 e-con-full e-flex e-con e-child\" data-id=\"707abd3\" data-element_type=\"container\" data-e-type=\"container\">\n\t\t<div class=\"elementor-element elementor-element-13abb86 e-con-full e-flex e-con e-child\" data-id=\"13abb86\" data-element_type=\"container\" data-e-type=\"container\">\n\t\t\t\t<div class=\"elementor-element elementor-element-6e7c699 elementor-widget elementor-widget-image\" data-id=\"6e7c699\" data-element_type=\"widget\" data-e-type=\"widget\" data-widget_type=\"image.default\">\n\t\t\t\t<div class=\"elementor-widget-container\">\n\t\t\t\t\t\t\t\t\t\t\t\t\t\t\t<img fetchpriority=\"high\" decoding=\"async\" width=\"1000\" height=\"1000\" src=\"https:\/\/starwax.eu\/wp-content\/uploads\/2024\/11\/a-propos-starwax_es_-claim-01.webp\" class=\"attachment-full size-full wp-image-12187\" alt=\"\" srcset=\"https:\/\/starwax.eu\/wp-content\/uploads\/2024\/11\/a-propos-starwax_es_-claim-01.webp 1000w, https:\/\/starwax.eu\/wp-content\/uploads\/2024\/11\/a-propos-starwax_es_-claim-01-768x768.webp 768w\" sizes=\"(max-width: 1000px) 100vw, 1000px\" \/>\t\t\t\t\t\t\t\t\t\t\t\t\t\t\t<\/div>\n\t\t\t\t<\/div>\n\t\t\t\t<\/div>\n\t\t<div class=\"elementor-element elementor-element-9755475 e-con-full e-flex e-con e-child\" data-id=\"9755475\" data-element_type=\"container\" data-e-type=\"container\">\n\t\t\t\t<div class=\"elementor-element elementor-element-ff9bc05 elementor-widget elementor-widget-text-editor\" data-id=\"ff9bc05\" data-element_type=\"widget\" data-e-type=\"widget\" data-widget_type=\"text-editor.default\">\n\t\t\t\t<div class=\"elementor-widget-container\">\n\t\t\t\t\t\t\t\t\t<p>Personas para quienes, en t\u00e9rminos de limpieza, que algo quede \u00abm\u00e1s o menos\u00bb no es un tema menor. Personas que no creen que las manchas dif\u00edciles deban librarse de ser eliminadas. Personas que piensan que un interior limpio es, ante todo, una cuesti\u00f3n de amor propio (y puro).<\/p>\n<p>En definitiva, hemos creado una marca para personas exigentes. Porque sabemos que os tratan de manera injusta. Os acusan de ser gente pesada, intransigente, obsesiva y mani\u00e1tica.<\/p>\n<p>Pero seamos sinceros: nadie se compra una barbacoa cromada para que acabe el verano carbonizada. Y el proyecto del arquitecto era un lavabo mural, no un lavabo lleno de cal.<\/p>\n<p>As\u00ed que, efectivamente, fabricamos productos de mantenimiento y cuidado del hogar para personas como nosotros. Para amantes de la eficacia que no creen en mezclas milagrosas ni en productos todo en uno. Para quienes buscan soluciones expertas a todos los problemas del d\u00eda a d\u00eda. Para quienes les llena de orgullo contemplar los resultados.<\/p>\n\t\t\t\t\t\t\t\t<\/div>\n\t\t\t\t<\/div>\n\t\t\t\t<\/div>\n\t\t\t\t<\/div>\n\t\t\t\t\t<\/div>\n\t\t\t\t<\/div>\n\t\t<div class=\"elementor-element elementor-element-f7dfc03 e-flex e-con-boxed e-con e-parent\" data-id=\"f7dfc03\" data-element_type=\"container\" data-e-type=\"container\">\n\t\t\t\t\t<div class=\"e-con-inner\">\n\t\t<div class=\"elementor-element elementor-element-2916e3f e-con-full e-flex e-con e-child\" data-id=\"2916e3f\" data-element_type=\"container\" data-e-type=\"container\" data-settings=\"{&quot;background_background&quot;:&quot;classic&quot;}\">\n\t\t<div class=\"elementor-element elementor-element-7f9e1f4 e-con-full e-flex e-con e-child\" data-id=\"7f9e1f4\" data-element_type=\"container\" data-e-type=\"container\">\n\t\t\t\t<div class=\"elementor-element elementor-element-eb68e17 elementor-widget elementor-widget-heading\" data-id=\"eb68e17\" data-element_type=\"widget\" data-e-type=\"widget\" data-widget_type=\"heading.default\">\n\t\t\t\t<div class=\"elementor-widget-container\">\n\t\t\t\t\t<h2 class=\"elementor-heading-title elementor-size-default\">Lo sentimos, \u00a1no tenemos un producto que pueda hacerlo todo!\n<\/h2>\t\t\t\t<\/div>\n\t\t\t\t<\/div>\n\t\t\t\t<div class=\"elementor-element elementor-element-dbbc825 elementor-hidden-desktop elementor-widget elementor-widget-image\" data-id=\"dbbc825\" data-element_type=\"widget\" data-e-type=\"widget\" data-widget_type=\"image.default\">\n\t\t\t\t<div class=\"elementor-widget-container\">\n\t\t\t\t\t\t\t\t\t\t\t\t\t\t\t<img decoding=\"async\" width=\"800\" height=\"466\" src=\"https:\/\/starwax.eu\/wp-content\/uploads\/2024\/07\/starwax_home-intro_mobile.webp\" class=\"attachment-large size-large wp-image-1710\" alt=\"\" srcset=\"https:\/\/starwax.eu\/wp-content\/uploads\/2024\/07\/starwax_home-intro_mobile.webp 1000w, https:\/\/starwax.eu\/wp-content\/uploads\/2024\/07\/starwax_home-intro_mobile-300x175.webp 300w, https:\/\/starwax.eu\/wp-content\/uploads\/2024\/07\/starwax_home-intro_mobile-768x448.webp 768w\" sizes=\"(max-width: 800px) 100vw, 800px\" \/>\t\t\t\t\t\t\t\t\t\t\t\t\t\t\t<\/div>\n\t\t\t\t<\/div>\n\t\t\t\t<div class=\"elementor-element elementor-element-c8faa01 elementor-widget elementor-widget-text-editor\" data-id=\"c8faa01\" data-element_type=\"widget\" data-e-type=\"widget\" data-widget_type=\"text-editor.default\">\n\t\t\t\t<div class=\"elementor-widget-container\">\n\t\t\t\t\t\t\t\t\t<p>Apasionados de la eficacia, no creemos en los productos \u00abtodo en uno\u00bb. Por eso hemos desarrollado una soluci\u00f3n para cada problema. Para cuidar o preservar sus muebles, suelos, equipos, superficies, incluso los m\u00e1s delicados, tanto dentro como fuera de su casa, en Starwax, nuestros productos son precisos y est\u00e1n hechos a medida para ofrecerle el mejor resultado posible.<\/p>\n\t\t\t\t\t\t\t\t<\/div>\n\t\t\t\t<\/div>\n\t\t\t\t<\/div>\n\t\t<div class=\"elementor-element elementor-element-fb5fe92 e-con-full elementor-hidden-tablet elementor-hidden-mobile e-flex e-con e-child\" data-id=\"fb5fe92\" data-element_type=\"container\" data-e-type=\"container\">\n\t\t\t\t<div class=\"elementor-element elementor-element-f17ced5 elementor-widget elementor-widget-image\" data-id=\"f17ced5\" data-element_type=\"widget\" data-e-type=\"widget\" data-widget_type=\"image.default\">\n\t\t\t\t<div class=\"elementor-widget-container\">\n\t\t\t\t\t\t\t\t\t\t\t\t\t\t\t<img decoding=\"async\" width=\"781\" height=\"574\" src=\"https:\/\/starwax.eu\/wp-content\/uploads\/2024\/07\/starwax-home-intro-nl.webp\" class=\"attachment-large size-large wp-image-1967\" alt=\"\" srcset=\"https:\/\/starwax.eu\/wp-content\/uploads\/2024\/07\/starwax-home-intro-nl.webp 781w, https:\/\/starwax.eu\/wp-content\/uploads\/2024\/07\/starwax-home-intro-nl-300x220.webp 300w, https:\/\/starwax.eu\/wp-content\/uploads\/2024\/07\/starwax-home-intro-nl-768x564.webp 768w\" sizes=\"(max-width: 781px) 100vw, 781px\" \/>\t\t\t\t\t\t\t\t\t\t\t\t\t\t\t<\/div>\n\t\t\t\t<\/div>\n\t\t\t\t<\/div>\n\t\t\t\t<\/div>\n\t\t\t\t\t<\/div>\n\t\t\t\t<\/div>\n\t\t<div class=\"elementor-element elementor-element-1e04187 e-flex e-con-boxed e-con e-parent\" data-id=\"1e04187\" data-element_type=\"container\" data-e-type=\"container\">\n\t\t\t\t\t<div class=\"e-con-inner\">\n\t\t<div class=\"elementor-element elementor-element-f6b9257 e-con-full e-flex e-con e-child\" data-id=\"f6b9257\" data-element_type=\"container\" data-e-type=\"container\">\n\t\t<div class=\"elementor-element elementor-element-b980aeb e-con-full e-flex e-con e-child\" data-id=\"b980aeb\" data-element_type=\"container\" data-e-type=\"container\">\n\t\t\t\t<div class=\"elementor-element elementor-element-3cb0f83 elementor-widget elementor-widget-theme-site-logo elementor-widget-image\" data-id=\"3cb0f83\" data-element_type=\"widget\" data-e-type=\"widget\" data-widget_type=\"theme-site-logo.default\">\n\t\t\t\t<div class=\"elementor-widget-container\">\n\t\t\t\t\t\t\t\t\t\t\t<a href=\"https:\/\/starwax.eu\/es\/\">\n\t\t\t<img loading=\"lazy\" decoding=\"async\" width=\"150\" height=\"61\" src=\"https:\/\/starwax.eu\/wp-content\/uploads\/2024\/06\/logo-starwax.svg\" class=\"attachment-full size-full wp-image-16\" alt=\"\" \/>\t\t\t\t<\/a>\n\t\t\t\t\t\t\t\t\t\t\t<\/div>\n\t\t\t\t<\/div>\n\t\t\t\t<div class=\"elementor-element elementor-element-daf7d40 elementor-widget elementor-widget-heading\" data-id=\"daf7d40\" data-element_type=\"widget\" data-e-type=\"widget\" data-widget_type=\"heading.default\">\n\t\t\t\t<div class=\"elementor-widget-container\">\n\t\t\t\t\t<h2 class=\"elementor-heading-title elementor-size-default\">Una marca francesa, \u00a1como su nombre indica!<\/h2>\t\t\t\t<\/div>\n\t\t\t\t<\/div>\n\t\t\t\t<div class=\"elementor-element elementor-element-a30aa78 elementor-widget elementor-widget-text-editor\" data-id=\"a30aa78\" data-element_type=\"widget\" data-e-type=\"widget\" data-widget_type=\"text-editor.default\">\n\t\t\t\t<div class=\"elementor-widget-container\">\n\t\t\t\t\t\t\t\t\t<p><strong>1946<\/strong> : La guerra ha terminado. Dos hermanos se lanzan a fabricar una cera. Como homenaje a la Am\u00e9rica que los ha liberado, crean la marca Starwax. Descubra un resumen de m\u00e1s de 75 a\u00f1os de experiencia.<\/p>\n<p>Desde la idea hasta la fabricaci\u00f3n, somos casi 150 apasionados (\u00a1tan mani\u00e1ticos como usted!) que trabajamos para dise\u00f1ar y desarrollar sus productos. Starwax lleva anclada desde siempre en el norte de Francia, con un laboratorio cient\u00edfico y una f\u00e1brica en Noyelles-l\u00e8s-Seclin, cerca de Lille.<\/p>\n\t\t\t\t\t\t\t\t<\/div>\n\t\t\t\t<\/div>\n\t\t\t\t<\/div>\n\t\t<div class=\"elementor-element elementor-element-3f4bd53 e-con-full e-flex e-con e-child\" data-id=\"3f4bd53\" data-element_type=\"container\" data-e-type=\"container\">\n\t\t\t\t<div class=\"elementor-element elementor-element-dcb4fa2 elementor-widget elementor-widget-image\" data-id=\"dcb4fa2\" data-element_type=\"widget\" data-e-type=\"widget\" data-widget_type=\"image.default\">\n\t\t\t\t<div class=\"elementor-widget-container\">\n\t\t\t\t\t\t\t\t\t\t\t\t\t\t\t<img loading=\"lazy\" decoding=\"async\" width=\"787\" height=\"585\" src=\"https:\/\/starwax.eu\/wp-content\/uploads\/2024\/07\/starwax-a-propos-claim-2.webp\" class=\"attachment-full size-full wp-image-2040\" alt=\"\" srcset=\"https:\/\/starwax.eu\/wp-content\/uploads\/2024\/07\/starwax-a-propos-claim-2.webp 787w, https:\/\/starwax.eu\/wp-content\/uploads\/2024\/07\/starwax-a-propos-claim-2-300x223.webp 300w, https:\/\/starwax.eu\/wp-content\/uploads\/2024\/07\/starwax-a-propos-claim-2-768x571.webp 768w\" sizes=\"(max-width: 787px) 100vw, 787px\" \/>\t\t\t\t\t\t\t\t\t\t\t\t\t\t\t<\/div>\n\t\t\t\t<\/div>\n\t\t\t\t<\/div>\n\t\t\t\t<\/div>\n\t\t\t\t\t<\/div>\n\t\t\t\t<\/div>\n\t\t<div class=\"elementor-element elementor-element-897908c e-flex e-con-boxed e-con e-parent\" data-id=\"897908c\" data-element_type=\"container\" data-e-type=\"container\" data-settings=\"{&quot;background_background&quot;:&quot;classic&quot;}\">\n\t\t\t\t\t<div class=\"e-con-inner\">\n\t\t<div class=\"elementor-element elementor-element-7ac8963 e-con-full e-flex e-con e-child\" data-id=\"7ac8963\" data-element_type=\"container\" data-e-type=\"container\">\n\t\t<div class=\"elementor-element elementor-element-1a08dad e-con-full e-flex e-con e-child\" data-id=\"1a08dad\" data-element_type=\"container\" data-e-type=\"container\" data-settings=\"{&quot;background_background&quot;:&quot;classic&quot;}\">\n\t\t\t\t<\/div>\n\t\t<div class=\"elementor-element elementor-element-52fa577 e-con-full e-flex e-con e-child\" data-id=\"52fa577\" data-element_type=\"container\" data-e-type=\"container\">\n\t\t\t\t<div class=\"elementor-element elementor-element-85da1c0 elementor-widget elementor-widget-heading\" data-id=\"85da1c0\" data-element_type=\"widget\" data-e-type=\"widget\" data-widget_type=\"heading.default\">\n\t\t\t\t<div class=\"elementor-widget-container\">\n\t\t\t\t\t<h2 class=\"elementor-heading-title elementor-size-default\">O se es exigente o no se es<\/h2>\t\t\t\t<\/div>\n\t\t\t\t<\/div>\n\t\t\t\t<div class=\"elementor-element elementor-element-81198a6 elementor-widget elementor-widget-text-editor\" data-id=\"81198a6\" data-element_type=\"widget\" data-e-type=\"widget\" data-widget_type=\"text-editor.default\">\n\t\t\t\t<div class=\"elementor-widget-container\">\n\t\t\t\t\t\t\t\t\t<p>En Starwax, buscamos la excelencia para nuestras f\u00f3rmulas, porque, al igual que usted, nos gusta el trabajo bien hecho.<\/p>\n<p>Para esto, nuestros productos se fabrican con materias primas cuidadosamente seleccionadas y se prueban y controlan por nuestros ingenieros durante todo el proceso de producci\u00f3n, incluso en el caso de los productos que existen desde hace mucho tiempo.<\/p>\n\t\t\t\t\t\t\t\t<\/div>\n\t\t\t\t<\/div>\n\t\t\t\t<\/div>\n\t\t\t\t<\/div>\n\t\t\t\t\t<\/div>\n\t\t\t\t<\/div>\n\t\t<div class=\"elementor-element elementor-element-2549827 e-flex e-con-boxed e-con e-parent\" data-id=\"2549827\" data-element_type=\"container\" data-e-type=\"container\">\n\t\t\t\t\t<div class=\"e-con-inner\">\n\t\t<div class=\"elementor-element elementor-element-27c42bd e-con-full e-flex e-con e-child\" data-id=\"27c42bd\" data-element_type=\"container\" data-e-type=\"container\" data-settings=\"{&quot;background_background&quot;:&quot;classic&quot;}\">\n\t\t<div class=\"elementor-element elementor-element-65686ac e-con-full e-flex e-con e-child\" data-id=\"65686ac\" data-element_type=\"container\" data-e-type=\"container\">\n\t\t\t\t<div class=\"elementor-element elementor-element-8e530d9 elementor-widget elementor-widget-heading\" data-id=\"8e530d9\" data-element_type=\"widget\" data-e-type=\"widget\" data-widget_type=\"heading.default\">\n\t\t\t\t<div class=\"elementor-widget-container\">\n\t\t\t\t\t<h2 class=\"elementor-heading-title elementor-size-default\">Nuestros compromisos con un mundo m\u00e1s limpio<\/h2>\t\t\t\t<\/div>\n\t\t\t\t<\/div>\n\t\t\t\t<div class=\"elementor-element elementor-element-1c2c464 elementor-widget__width-initial elementor-widget elementor-widget-text-editor\" data-id=\"1c2c464\" data-element_type=\"widget\" data-e-type=\"widget\" data-widget_type=\"text-editor.default\">\n\t\t\t\t<div class=\"elementor-widget-container\">\n\t\t\t\t\t\t\t\t\t<p>En Starwax, la reducci\u00f3n de nuestra huella en el medio ambiente est\u00e1 en el centro de nuestras preocupaciones. Durante varios a\u00f1os, hemos puesto en marcha muchas iniciativas y estamos tratando de hacer cada vez m\u00e1s<\/p>\n\t\t\t\t\t\t\t\t<\/div>\n\t\t\t\t<\/div>\n\t\t\t\t<\/div>\n\t\t\t\t<\/div>\n\t\t\t\t\t<\/div>\n\t\t\t\t<\/div>\n\t\t\t\t<\/div>\n\t\t","protected":false},"excerpt":{"rendered":"<p>Starwax. Tan mani\u00e1tico como tu. En Starwax creamos productos para personas como nosotros desde 1946. Personas para quienes, en t\u00e9rminos de limpieza, que algo quede \u00abm\u00e1s o menos\u00bb no es un tema menor. Personas que no creen que las manchas dif\u00edciles deban librarse de ser eliminadas. Personas que piensan que un interior limpio es, ante [&hellip;]<\/p>\n","protected":false},"author":1,"featured_media":0,"parent":0,"menu_order":0,"comment_status":"closed","ping_status":"closed","template":"elementor_header_footer","meta":{"_acf_changed":false,"footnotes":""},"class_list":["post-2281","page","type-page","status-publish","hentry"],"acf":[],"yoast_head":"<!-- This site is optimized with the Yoast SEO plugin v27.3 - https:\/\/yoast.com\/product\/yoast-seo-wordpress\/ -->\n<title>Acerca de Starwax - Starwax - Produits d&#039;entretien pour la maison<\/title>\n<meta name=\"robots\" content=\"index, follow, max-snippet:-1, max-image-preview:large, max-video-preview:-1\" \/>\n<link rel=\"canonical\" href=\"https:\/\/starwax.eu\/es\/acerca-de-starwax\/\" \/>\n<meta property=\"og:locale\" content=\"es_ES\" \/>\n<meta property=\"og:type\" content=\"article\" \/>\n<meta property=\"og:title\" content=\"Acerca de Starwax - Starwax - Produits d&#039;entretien pour la maison\" \/>\n<meta property=\"og:description\" content=\"Starwax. Tan mani\u00e1tico como tu. En Starwax creamos productos para personas como nosotros desde 1946. Personas para quienes, en t\u00e9rminos de limpieza, que algo quede \u00abm\u00e1s o menos\u00bb no es un tema menor. Personas que no creen que las manchas dif\u00edciles deban librarse de ser eliminadas. Personas que piensan que un interior limpio es, ante [&hellip;]\" \/>\n<meta property=\"og:url\" content=\"https:\/\/starwax.eu\/es\/acerca-de-starwax\/\" \/>\n<meta property=\"og:site_name\" content=\"Starwax - Produits d&#039;entretien pour la maison\" \/>\n<meta property=\"article:publisher\" content=\"https:\/\/www.facebook.com\/starwaxbe\" \/>\n<meta property=\"article:modified_time\" content=\"2024-11-07T17:55:26+00:00\" \/>\n<meta property=\"og:image\" content=\"https:\/\/starwax.eu\/wp-content\/uploads\/2024\/11\/a-propos-starwax_es_-claim-01.webp\" \/>\n<meta name=\"twitter:card\" content=\"summary_large_image\" \/>\n<meta name=\"twitter:label1\" content=\"Tiempo de lectura\" \/>\n\t<meta name=\"twitter:data1\" content=\"4 minutos\" \/>\n<script type=\"application\/ld+json\" class=\"yoast-schema-graph\">{\"@context\":\"https:\\\/\\\/schema.org\",\"@graph\":[{\"@type\":\"WebPage\",\"@id\":\"https:\\\/\\\/starwax.eu\\\/es\\\/acerca-de-starwax\\\/\",\"url\":\"https:\\\/\\\/starwax.eu\\\/es\\\/acerca-de-starwax\\\/\",\"name\":\"Acerca de Starwax - Starwax - Produits d&#039;entretien pour la maison\",\"isPartOf\":{\"@id\":\"https:\\\/\\\/starwax.eu\\\/es\\\/#website\"},\"primaryImageOfPage\":{\"@id\":\"https:\\\/\\\/starwax.eu\\\/es\\\/acerca-de-starwax\\\/#primaryimage\"},\"image\":{\"@id\":\"https:\\\/\\\/starwax.eu\\\/es\\\/acerca-de-starwax\\\/#primaryimage\"},\"thumbnailUrl\":\"https:\\\/\\\/starwax.eu\\\/wp-content\\\/uploads\\\/2024\\\/11\\\/a-propos-starwax_es_-claim-01.webp\",\"datePublished\":\"2024-07-17T08:27:26+00:00\",\"dateModified\":\"2024-11-07T17:55:26+00:00\",\"breadcrumb\":{\"@id\":\"https:\\\/\\\/starwax.eu\\\/es\\\/acerca-de-starwax\\\/#breadcrumb\"},\"inLanguage\":\"es\",\"potentialAction\":[{\"@type\":\"ReadAction\",\"target\":[\"https:\\\/\\\/starwax.eu\\\/es\\\/acerca-de-starwax\\\/\"]}]},{\"@type\":\"ImageObject\",\"inLanguage\":\"es\",\"@id\":\"https:\\\/\\\/starwax.eu\\\/es\\\/acerca-de-starwax\\\/#primaryimage\",\"url\":\"https:\\\/\\\/starwax.eu\\\/wp-content\\\/uploads\\\/2024\\\/11\\\/a-propos-starwax_es_-claim-01.webp\",\"contentUrl\":\"https:\\\/\\\/starwax.eu\\\/wp-content\\\/uploads\\\/2024\\\/11\\\/a-propos-starwax_es_-claim-01.webp\"},{\"@type\":\"BreadcrumbList\",\"@id\":\"https:\\\/\\\/starwax.eu\\\/es\\\/acerca-de-starwax\\\/#breadcrumb\",\"itemListElement\":[{\"@type\":\"ListItem\",\"position\":1,\"name\":\"Inicio\",\"item\":\"https:\\\/\\\/starwax.eu\\\/es\\\/\"},{\"@type\":\"ListItem\",\"position\":2,\"name\":\"Acerca de Starwax\"}]},{\"@type\":\"WebSite\",\"@id\":\"https:\\\/\\\/starwax.eu\\\/es\\\/#website\",\"url\":\"https:\\\/\\\/starwax.eu\\\/es\\\/\",\"name\":\"Starwax - Produits d'entretien pour la maison\",\"description\":\"\",\"publisher\":{\"@id\":\"https:\\\/\\\/starwax.eu\\\/es\\\/#organization\"},\"potentialAction\":[{\"@type\":\"SearchAction\",\"target\":{\"@type\":\"EntryPoint\",\"urlTemplate\":\"https:\\\/\\\/starwax.eu\\\/es\\\/?s={search_term_string}\"},\"query-input\":{\"@type\":\"PropertyValueSpecification\",\"valueRequired\":true,\"valueName\":\"search_term_string\"}}],\"inLanguage\":\"es\"},{\"@type\":\"Organization\",\"@id\":\"https:\\\/\\\/starwax.eu\\\/es\\\/#organization\",\"name\":\"Starwax - Produits d'entretien pour la maison\",\"url\":\"https:\\\/\\\/starwax.eu\\\/es\\\/\",\"logo\":{\"@type\":\"ImageObject\",\"inLanguage\":\"es\",\"@id\":\"https:\\\/\\\/starwax.eu\\\/es\\\/#\\\/schema\\\/logo\\\/image\\\/\",\"url\":\"https:\\\/\\\/starwax.eu\\\/wp-content\\\/uploads\\\/2024\\\/06\\\/logo-starwax.svg\",\"contentUrl\":\"https:\\\/\\\/starwax.eu\\\/wp-content\\\/uploads\\\/2024\\\/06\\\/logo-starwax.svg\",\"width\":150,\"height\":61,\"caption\":\"Starwax - Produits d'entretien pour la maison\"},\"image\":{\"@id\":\"https:\\\/\\\/starwax.eu\\\/es\\\/#\\\/schema\\\/logo\\\/image\\\/\"},\"sameAs\":[\"https:\\\/\\\/www.facebook.com\\\/starwaxbe\"]}]}<\/script>\n<!-- \/ Yoast SEO plugin. -->","yoast_head_json":{"title":"Acerca de Starwax - Starwax - Produits d&#039;entretien pour la maison","robots":{"index":"index","follow":"follow","max-snippet":"max-snippet:-1","max-image-preview":"max-image-preview:large","max-video-preview":"max-video-preview:-1"},"canonical":"https:\/\/starwax.eu\/es\/acerca-de-starwax\/","og_locale":"es_ES","og_type":"article","og_title":"Acerca de Starwax - Starwax - Produits d&#039;entretien pour la maison","og_description":"Starwax. Tan mani\u00e1tico como tu. En Starwax creamos productos para personas como nosotros desde 1946. Personas para quienes, en t\u00e9rminos de limpieza, que algo quede \u00abm\u00e1s o menos\u00bb no es un tema menor. Personas que no creen que las manchas dif\u00edciles deban librarse de ser eliminadas. Personas que piensan que un interior limpio es, ante [&hellip;]","og_url":"https:\/\/starwax.eu\/es\/acerca-de-starwax\/","og_site_name":"Starwax - Produits d&#039;entretien pour la maison","article_publisher":"https:\/\/www.facebook.com\/starwaxbe","article_modified_time":"2024-11-07T17:55:26+00:00","og_image":[{"url":"https:\/\/starwax.eu\/wp-content\/uploads\/2024\/11\/a-propos-starwax_es_-claim-01.webp","type":"","width":"","height":""}],"twitter_card":"summary_large_image","twitter_misc":{"Tiempo de lectura":"4 minutos"},"schema":{"@context":"https:\/\/schema.org","@graph":[{"@type":"WebPage","@id":"https:\/\/starwax.eu\/es\/acerca-de-starwax\/","url":"https:\/\/starwax.eu\/es\/acerca-de-starwax\/","name":"Acerca de Starwax - Starwax - Produits d&#039;entretien pour la maison","isPartOf":{"@id":"https:\/\/starwax.eu\/es\/#website"},"primaryImageOfPage":{"@id":"https:\/\/starwax.eu\/es\/acerca-de-starwax\/#primaryimage"},"image":{"@id":"https:\/\/starwax.eu\/es\/acerca-de-starwax\/#primaryimage"},"thumbnailUrl":"https:\/\/starwax.eu\/wp-content\/uploads\/2024\/11\/a-propos-starwax_es_-claim-01.webp","datePublished":"2024-07-17T08:27:26+00:00","dateModified":"2024-11-07T17:55:26+00:00","breadcrumb":{"@id":"https:\/\/starwax.eu\/es\/acerca-de-starwax\/#breadcrumb"},"inLanguage":"es","potentialAction":[{"@type":"ReadAction","target":["https:\/\/starwax.eu\/es\/acerca-de-starwax\/"]}]},{"@type":"ImageObject","inLanguage":"es","@id":"https:\/\/starwax.eu\/es\/acerca-de-starwax\/#primaryimage","url":"https:\/\/starwax.eu\/wp-content\/uploads\/2024\/11\/a-propos-starwax_es_-claim-01.webp","contentUrl":"https:\/\/starwax.eu\/wp-content\/uploads\/2024\/11\/a-propos-starwax_es_-claim-01.webp"},{"@type":"BreadcrumbList","@id":"https:\/\/starwax.eu\/es\/acerca-de-starwax\/#breadcrumb","itemListElement":[{"@type":"ListItem","position":1,"name":"Inicio","item":"https:\/\/starwax.eu\/es\/"},{"@type":"ListItem","position":2,"name":"Acerca de Starwax"}]},{"@type":"WebSite","@id":"https:\/\/starwax.eu\/es\/#website","url":"https:\/\/starwax.eu\/es\/","name":"Starwax - Produits d'entretien pour la maison","description":"","publisher":{"@id":"https:\/\/starwax.eu\/es\/#organization"},"potentialAction":[{"@type":"SearchAction","target":{"@type":"EntryPoint","urlTemplate":"https:\/\/starwax.eu\/es\/?s={search_term_string}"},"query-input":{"@type":"PropertyValueSpecification","valueRequired":true,"valueName":"search_term_string"}}],"inLanguage":"es"},{"@type":"Organization","@id":"https:\/\/starwax.eu\/es\/#organization","name":"Starwax - Produits d'entretien pour la maison","url":"https:\/\/starwax.eu\/es\/","logo":{"@type":"ImageObject","inLanguage":"es","@id":"https:\/\/starwax.eu\/es\/#\/schema\/logo\/image\/","url":"https:\/\/starwax.eu\/wp-content\/uploads\/2024\/06\/logo-starwax.svg","contentUrl":"https:\/\/starwax.eu\/wp-content\/uploads\/2024\/06\/logo-starwax.svg","width":150,"height":61,"caption":"Starwax - Produits d'entretien pour la maison"},"image":{"@id":"https:\/\/starwax.eu\/es\/#\/schema\/logo\/image\/"},"sameAs":["https:\/\/www.facebook.com\/starwaxbe"]}]}},"_links":{"self":[{"href":"https:\/\/starwax.eu\/es\/wp-json\/wp\/v2\/pages\/2281","targetHints":{"allow":["GET"]}}],"collection":[{"href":"https:\/\/starwax.eu\/es\/wp-json\/wp\/v2\/pages"}],"about":[{"href":"https:\/\/starwax.eu\/es\/wp-json\/wp\/v2\/types\/page"}],"author":[{"embeddable":true,"href":"https:\/\/starwax.eu\/es\/wp-json\/wp\/v2\/users\/1"}],"replies":[{"embeddable":true,"href":"https:\/\/starwax.eu\/es\/wp-json\/wp\/v2\/comments?post=2281"}],"version-history":[{"count":0,"href":"https:\/\/starwax.eu\/es\/wp-json\/wp\/v2\/pages\/2281\/revisions"}],"wp:attachment":[{"href":"https:\/\/starwax.eu\/es\/wp-json\/wp\/v2\/media?parent=2281"}],"curies":[{"name":"wp","href":"https:\/\/api.w.org\/{rel}","templated":true}]}}